{"id":83,"date":"2017-04-20T18:04:34","date_gmt":"2017-04-20T16:04:34","guid":{"rendered":"http:\/\/gites-vignerons.com\/?page_id=83"},"modified":"2017-06-27T00:35:52","modified_gmt":"2017-06-26T22:35:52","slug":"la-presse-en-parle","status":"publish","type":"page","link":"https:\/\/gites-vignerons.com\/fr\/la-presse-en-parle\/","title":{"rendered":"La Presse en parle"},"content":{"rendered":"<h1>\n\t\tLA PRESSE EN PARLE<br \/>\n\t<\/h1>\n<p>\t\t\t\t<img loading=\"lazy\" decoding=\"async\" src=\"http:\/\/gites-vignerons.com\/wp-content\/uploads\/2017\/04\/info-agglo.jpg\" alt=\"info-agglo\" itemprop=\"image\" height=\"100\" width=\"100\"  \/><\/p>\n<h4>Info&rsquo; Agglo<\/h4>\n<p><strong>Oenotourisme: Ocil\u00e9ovacances lance un concept novateur pour aider nos viticulteurs<\/strong><\/p>\n<p>\t\t\t\t<a href=\"http:\/\/gites-vignerons.com\/wp-content\/uploads\/2017\/04\/AGGLO-INFO-17OCT2009-001.jpg\" target=\"_self\" itemprop=\"url\"><br \/>\n\t\t\t\t<img loading=\"lazy\" decoding=\"async\" src=\"http:\/\/gites-vignerons.com\/wp-content\/uploads\/2017\/04\/AGGLO-INFO-17OCT2009-001-1024x719.jpg\" alt=\"Lire l'article\" itemprop=\"image\" height=\"719\" width=\"1024\"  \/><br \/>\n\t\t\t\t<\/a><br \/>\n\t\t\t\t<img loading=\"lazy\" decoding=\"async\" src=\"http:\/\/gites-vignerons.com\/wp-content\/uploads\/2017\/04\/midilibre.jpg\" alt=\"midilibre\" itemprop=\"image\" height=\"100\" width=\"100\"  \/><\/p>\n<h4>Midi Libre<\/h4>\n<p><strong>Narbonne, Ocil\u00e9o loue l&rsquo;arri\u00e8re-pays<\/strong><\/p>\n<p>\t\t\t\t<a href=\"http:\/\/gites-vignerons.com\/wp-content\/uploads\/2017\/04\/MIDI-LIBRE-15AUG2009-001.jpg\" target=\"_self\" itemprop=\"url\"><br \/>\n\t\t\t\t<img loading=\"lazy\" decoding=\"async\" src=\"http:\/\/gites-vignerons.com\/wp-content\/uploads\/2017\/04\/MIDI-LIBRE-15AUG2009-001.jpg\" alt=\"MIDI-LIBRE-15AUG2009-001\" itemprop=\"image\" height=\"1000\" width=\"719\"  \/><br \/>\n\t\t\t\t<\/a><br \/>\n\t\t\t\t<img loading=\"lazy\" decoding=\"async\" src=\"http:\/\/gites-vignerons.com\/wp-content\/uploads\/2017\/04\/midilibre.jpg\" alt=\"midilibre\" itemprop=\"image\" height=\"100\" width=\"100\"  \/><\/p>\n<h4>Midi Libre<\/h4>\n<p><strong>Les g\u00eetes vignerons ont le vent en poupe<\/strong><\/p>\n<p>\t\t\t\t<a href=\"http:\/\/gites-vignerons.com\/wp-content\/uploads\/2017\/04\/MIDI-LIBRE-26MARS2009-002.jpg\" target=\"_self\" itemprop=\"url\"><br \/>\n\t\t\t\t<img loading=\"lazy\" decoding=\"async\" src=\"http:\/\/gites-vignerons.com\/wp-content\/uploads\/2017\/04\/MIDI-LIBRE-26MARS2009-002.jpg\" alt=\"MIDI-LIBRE-26MARS2009-002\" itemprop=\"image\" height=\"1000\" width=\"1028\"  \/><br \/>\n\t\t\t\t<\/a><br \/>\n\t\t\t\t<img loading=\"lazy\" decoding=\"async\" src=\"http:\/\/gites-vignerons.com\/wp-content\/uploads\/2017\/04\/Objectif-LR-Presse.jpg\" alt=\"Objectif-LR-Presse\" itemprop=\"image\" height=\"50\" width=\"150\"  \/><\/p>\n<h4>Objectif<\/h4>\n<p><strong>OCILEO Vacances, l&rsquo;interm\u00e9diaire entre locataires et propri\u00e9taires<\/strong><\/p>\n<p>\t\t\t\t<a href=\"http:\/\/gites-vignerons.com\/wp-content\/uploads\/2017\/04\/OBJECTIF-MAI2008-001.jpg\" target=\"_self\" itemprop=\"url\"><br \/>\n\t\t\t\t<img loading=\"lazy\" decoding=\"async\" src=\"http:\/\/gites-vignerons.com\/wp-content\/uploads\/2017\/04\/OBJECTIF-MAI2008-001.jpg\" alt=\"OBJECTIF-MAI2008-001\" itemprop=\"image\" height=\"1066\" width=\"1200\"  \/><br \/>\n\t\t\t\t<\/a><br \/>\n\t\t\t\t<img loading=\"lazy\" decoding=\"async\" src=\"http:\/\/gites-vignerons.com\/wp-content\/uploads\/2017\/04\/depeche-midi.jpg\" alt=\"depeche-midi\" itemprop=\"image\" height=\"100\" width=\"149\"  \/><\/p>\n<h4>La D\u00e9p\u00eache du Midi<\/h4>\n<p><strong>EN VUE &#8211; Jean-Louis Eudes<\/strong><\/p>\n<p>\t\t\t\t<a href=\"http:\/\/gites-vignerons.com\/wp-content\/uploads\/2017\/04\/DEPECHE-DU-MIDI-06DEC2007-001.jpg\" target=\"_self\" itemprop=\"url\"><br \/>\n\t\t\t\t<img loading=\"lazy\" decoding=\"async\" src=\"http:\/\/gites-vignerons.com\/wp-content\/uploads\/2017\/04\/DEPECHE-DU-MIDI-06DEC2007-001.jpg\" alt=\"DEPECHE-DU-MIDI-06DEC2007-001\" itemprop=\"image\" height=\"1000\" width=\"245\"  \/><br \/>\n\t\t\t\t<\/a><br \/>\n\t\t\t\t<img loading=\"lazy\" decoding=\"async\" src=\"http:\/\/gites-vignerons.com\/wp-content\/uploads\/2017\/04\/Logo_PDM_vecto.jpg\" alt=\"Logo_PDM_vecto\" itemprop=\"image\" height=\"36\" width=\"150\"  \/><\/p>\n<h4>Paysans du Midi<\/h4>\n<p><strong>Des g\u00eetes vignerons sur internet<\/strong><\/p>\n<p>\t\t\t\t<a href=\"http:\/\/gites-vignerons.com\/wp-content\/uploads\/2017\/04\/PAYSANS-DU-MIDI-09NOV2007-001.jpg\" target=\"_self\" itemprop=\"url\"><br \/>\n\t\t\t\t<img loading=\"lazy\" decoding=\"async\" src=\"http:\/\/gites-vignerons.com\/wp-content\/uploads\/2017\/04\/PAYSANS-DU-MIDI-09NOV2007-001.jpg\" alt=\"PAYSANS-DU-MIDI-09NOV2007-001\" itemprop=\"image\" height=\"675\" width=\"1200\"  \/><br \/>\n\t\t\t\t<\/a><br \/>\n\t\t\t\t<img loading=\"lazy\" decoding=\"async\" src=\"http:\/\/gites-vignerons.com\/wp-content\/uploads\/2017\/04\/lindependant.jpg\" alt=\"lindependant\" itemprop=\"image\" height=\"26\" width=\"150\"  \/><\/p>\n<h4>L&rsquo;Ind\u00e9pendant<\/h4>\n<p><strong>Louer maisons et villas pour \u00ab\u00a0\u00e9taler\u00a0\u00bb la saison<br \/>\n<\/strong>Jean-Louis Eudes occupe un cr\u00e9neau bien cibl\u00e9: la location saisonni\u00e8re de maisons et villas durant toute l&rsquo;ann\u00e9e. Une des pistes int\u00e9ressantes pour r\u00e9soudre le probl\u00e8me de l&rsquo;\u00e9talement de la saison.<\/p>\n<p>\t\t\t\t<a href=\"http:\/\/gites-vignerons.com\/wp-content\/uploads\/2017\/04\/INDEPENDANT-26FEB2007-001.jpg\" target=\"_self\" itemprop=\"url\"><br \/>\n\t\t\t\t<img loading=\"lazy\" decoding=\"async\" src=\"http:\/\/gites-vignerons.com\/wp-content\/uploads\/2017\/04\/INDEPENDANT-26FEB2007-001.jpg\" alt=\"INDEPENDANT-26FEB2007-001\" itemprop=\"image\" height=\"1000\" width=\"707\"  \/><br \/>\n\t\t\t\t<\/a><br \/>\n\t\t\t\t<img loading=\"lazy\" decoding=\"async\" src=\"http:\/\/gites-vignerons.com\/wp-content\/uploads\/2017\/04\/lindependant.jpg\" alt=\"lindependant\" itemprop=\"image\" height=\"26\" width=\"150\"  \/><\/p>\n<h4>L&rsquo;Ind\u00e9pendant<\/h4>\n<p><b>Jean-Louis Eudes propose des s\u00e9jours-vacances \u00ab\u00a0\u00e0 la maison\u00a0\u00bb<br \/>\n<\/b>Avec une moyenne de 14 semaines de location par maison, Jean-Louis Eudes est plut\u00f4t satisfait de la premi\u00e8re ann\u00e9e d&rsquo;existence de son agence de voyages sur le net.<\/p>\n<p>\t\t\t\t<a href=\"http:\/\/gites-vignerons.com\/wp-content\/uploads\/2017\/04\/INDEPENDANT-13NOV2006-001.jpg\" target=\"_self\" itemprop=\"url\"><br \/>\n\t\t\t\t<img loading=\"lazy\" decoding=\"async\" src=\"http:\/\/gites-vignerons.com\/wp-content\/uploads\/2017\/04\/INDEPENDANT-13NOV2006-001.jpg\" alt=\"INDEPENDANT-13NOV2006-001\" itemprop=\"image\" height=\"1008\" width=\"1200\"  \/><br \/>\n\t\t\t\t<\/a><\/p>\n","protected":false},"excerpt":{"rendered":"<p>LA PRESSE EN PARLE Info&rsquo; Agglo Oenotourisme: Ocil\u00e9ovacances lance un concept novateur pour aider nos viticulteurs Midi Libre Narbonne, Ocil\u00e9o loue l&rsquo;arri\u00e8re-pays Midi Libre Les g\u00eetes vignerons ont le vent en poupe Objectif OCILEO Vacances, l&rsquo;interm\u00e9diaire entre locataires et propri\u00e9taires La D\u00e9p\u00eache du Midi EN VUE &#8211; Jean-Louis Eudes Paysans du Midi Des g\u00eetes vignerons&hellip;<\/p>\n","protected":false},"author":1,"featured_media":0,"parent":0,"menu_order":0,"comment_status":"closed","ping_status":"closed","template":"","meta":{"footnotes":""},"class_list":["post-83","page","type-page","status-publish","hentry"],"yoast_head":"<!-- This site is optimized with the Yoast SEO plugin v23.5 - https:\/\/yoast.com\/wordpress\/plugins\/seo\/ -->\n<title>La Presse en parle - Gites Vignerons<\/title>\n<meta name=\"robots\" content=\"index, follow, max-snippet:-1, max-image-preview:large, max-video-preview:-1\" \/>\n<link rel=\"canonical\" href=\"https:\/\/gites-vignerons.com\/fr\/la-presse-en-parle\/\" \/>\n<meta property=\"og:locale\" content=\"fr_FR\" \/>\n<meta property=\"og:type\" content=\"article\" \/>\n<meta property=\"og:title\" content=\"La Presse en parle - Gites Vignerons\" \/>\n<meta property=\"og:description\" content=\"LA PRESSE EN PARLE Info&rsquo; Agglo Oenotourisme: Ocil\u00e9ovacances lance un concept novateur pour aider nos viticulteurs Midi Libre Narbonne, Ocil\u00e9o loue l&rsquo;arri\u00e8re-pays Midi Libre Les g\u00eetes vignerons ont le vent en poupe Objectif OCILEO Vacances, l&rsquo;interm\u00e9diaire entre locataires et propri\u00e9taires La D\u00e9p\u00eache du Midi EN VUE &#8211; Jean-Louis Eudes Paysans du Midi Des g\u00eetes vignerons&hellip;\" \/>\n<meta property=\"og:url\" content=\"https:\/\/gites-vignerons.com\/fr\/la-presse-en-parle\/\" \/>\n<meta property=\"og:site_name\" content=\"Gites Vignerons\" \/>\n<meta property=\"article:modified_time\" content=\"2017-06-26T22:35:52+00:00\" \/>\n<meta property=\"og:image\" content=\"http:\/\/gites-vignerons.com\/wp-content\/uploads\/2017\/04\/info-agglo.jpg\" \/>\n<meta name=\"twitter:card\" content=\"summary_large_image\" \/>\n<meta name=\"twitter:label1\" content=\"Dur\u00e9e de lecture estim\u00e9e\" \/>\n\t<meta name=\"twitter:data1\" content=\"1 minute\" \/>\n<script type=\"application\/ld+json\" class=\"yoast-schema-graph\">{\"@context\":\"https:\/\/schema.org\",\"@graph\":[{\"@type\":\"WebPage\",\"@id\":\"https:\/\/gites-vignerons.com\/fr\/la-presse-en-parle\/\",\"url\":\"https:\/\/gites-vignerons.com\/fr\/la-presse-en-parle\/\",\"name\":\"La Presse en parle - Gites Vignerons\",\"isPartOf\":{\"@id\":\"https:\/\/gites-vignerons.com\/fr\/#website\"},\"primaryImageOfPage\":{\"@id\":\"https:\/\/gites-vignerons.com\/fr\/la-presse-en-parle\/#primaryimage\"},\"image\":{\"@id\":\"https:\/\/gites-vignerons.com\/fr\/la-presse-en-parle\/#primaryimage\"},\"thumbnailUrl\":\"http:\/\/gites-vignerons.com\/wp-content\/uploads\/2017\/04\/info-agglo.jpg\",\"datePublished\":\"2017-04-20T16:04:34+00:00\",\"dateModified\":\"2017-06-26T22:35:52+00:00\",\"breadcrumb\":{\"@id\":\"https:\/\/gites-vignerons.com\/fr\/la-presse-en-parle\/#breadcrumb\"},\"inLanguage\":\"fr-FR\",\"potentialAction\":[{\"@type\":\"ReadAction\",\"target\":[\"https:\/\/gites-vignerons.com\/fr\/la-presse-en-parle\/\"]}]},{\"@type\":\"ImageObject\",\"inLanguage\":\"fr-FR\",\"@id\":\"https:\/\/gites-vignerons.com\/fr\/la-presse-en-parle\/#primaryimage\",\"url\":\"http:\/\/gites-vignerons.com\/wp-content\/uploads\/2017\/04\/info-agglo.jpg\",\"contentUrl\":\"http:\/\/gites-vignerons.com\/wp-content\/uploads\/2017\/04\/info-agglo.jpg\"},{\"@type\":\"BreadcrumbList\",\"@id\":\"https:\/\/gites-vignerons.com\/fr\/la-presse-en-parle\/#breadcrumb\",\"itemListElement\":[{\"@type\":\"ListItem\",\"position\":1,\"name\":\"Accueil\",\"item\":\"https:\/\/gites-vignerons.com\/fr\/\"},{\"@type\":\"ListItem\",\"position\":2,\"name\":\"La Presse en parle\"}]},{\"@type\":\"WebSite\",\"@id\":\"https:\/\/gites-vignerons.com\/fr\/#website\",\"url\":\"https:\/\/gites-vignerons.com\/fr\/\",\"name\":\"Gites Vignerons\",\"description\":\"Locations de g\u00eetes avec piscine dans vignoble en Occitanie - Sud de la France\",\"publisher\":{\"@id\":\"https:\/\/gites-vignerons.com\/fr\/#organization\"},\"potentialAction\":[{\"@type\":\"SearchAction\",\"target\":{\"@type\":\"EntryPoint\",\"urlTemplate\":\"https:\/\/gites-vignerons.com\/fr\/?s={search_term_string}\"},\"query-input\":{\"@type\":\"PropertyValueSpecification\",\"valueRequired\":true,\"valueName\":\"search_term_string\"}}],\"inLanguage\":\"fr-FR\"},{\"@type\":\"Organization\",\"@id\":\"https:\/\/gites-vignerons.com\/fr\/#organization\",\"name\":\"G\u00eetes Vignerons - location dans le Sud de la France\",\"url\":\"https:\/\/gites-vignerons.com\/fr\/\",\"logo\":{\"@type\":\"ImageObject\",\"inLanguage\":\"fr-FR\",\"@id\":\"https:\/\/gites-vignerons.com\/fr\/#\/schema\/logo\/image\/\",\"url\":\"https:\/\/gites-vignerons.com\/wp-content\/uploads\/2017\/04\/logo-small.png\",\"contentUrl\":\"https:\/\/gites-vignerons.com\/wp-content\/uploads\/2017\/04\/logo-small.png\",\"width\":120,\"height\":157,\"caption\":\"G\u00eetes Vignerons - location dans le Sud de la France\"},\"image\":{\"@id\":\"https:\/\/gites-vignerons.com\/fr\/#\/schema\/logo\/image\/\"}}]}<\/script>\n<!-- \/ Yoast SEO plugin. -->","yoast_head_json":{"title":"La Presse en parle - Gites Vignerons","robots":{"index":"index","follow":"follow","max-snippet":"max-snippet:-1","max-image-preview":"max-image-preview:large","max-video-preview":"max-video-preview:-1"},"canonical":"https:\/\/gites-vignerons.com\/fr\/la-presse-en-parle\/","og_locale":"fr_FR","og_type":"article","og_title":"La Presse en parle - Gites Vignerons","og_description":"LA PRESSE EN PARLE Info&rsquo; Agglo Oenotourisme: Ocil\u00e9ovacances lance un concept novateur pour aider nos viticulteurs Midi Libre Narbonne, Ocil\u00e9o loue l&rsquo;arri\u00e8re-pays Midi Libre Les g\u00eetes vignerons ont le vent en poupe Objectif OCILEO Vacances, l&rsquo;interm\u00e9diaire entre locataires et propri\u00e9taires La D\u00e9p\u00eache du Midi EN VUE &#8211; Jean-Louis Eudes Paysans du Midi Des g\u00eetes vignerons&hellip;","og_url":"https:\/\/gites-vignerons.com\/fr\/la-presse-en-parle\/","og_site_name":"Gites Vignerons","article_modified_time":"2017-06-26T22:35:52+00:00","og_image":[{"url":"http:\/\/gites-vignerons.com\/wp-content\/uploads\/2017\/04\/info-agglo.jpg"}],"twitter_card":"summary_large_image","twitter_misc":{"Dur\u00e9e de lecture estim\u00e9e":"1 minute"},"schema":{"@context":"https:\/\/schema.org","@graph":[{"@type":"WebPage","@id":"https:\/\/gites-vignerons.com\/fr\/la-presse-en-parle\/","url":"https:\/\/gites-vignerons.com\/fr\/la-presse-en-parle\/","name":"La Presse en parle - Gites Vignerons","isPartOf":{"@id":"https:\/\/gites-vignerons.com\/fr\/#website"},"primaryImageOfPage":{"@id":"https:\/\/gites-vignerons.com\/fr\/la-presse-en-parle\/#primaryimage"},"image":{"@id":"https:\/\/gites-vignerons.com\/fr\/la-presse-en-parle\/#primaryimage"},"thumbnailUrl":"http:\/\/gites-vignerons.com\/wp-content\/uploads\/2017\/04\/info-agglo.jpg","datePublished":"2017-04-20T16:04:34+00:00","dateModified":"2017-06-26T22:35:52+00:00","breadcrumb":{"@id":"https:\/\/gites-vignerons.com\/fr\/la-presse-en-parle\/#breadcrumb"},"inLanguage":"fr-FR","potentialAction":[{"@type":"ReadAction","target":["https:\/\/gites-vignerons.com\/fr\/la-presse-en-parle\/"]}]},{"@type":"ImageObject","inLanguage":"fr-FR","@id":"https:\/\/gites-vignerons.com\/fr\/la-presse-en-parle\/#primaryimage","url":"http:\/\/gites-vignerons.com\/wp-content\/uploads\/2017\/04\/info-agglo.jpg","contentUrl":"http:\/\/gites-vignerons.com\/wp-content\/uploads\/2017\/04\/info-agglo.jpg"},{"@type":"BreadcrumbList","@id":"https:\/\/gites-vignerons.com\/fr\/la-presse-en-parle\/#breadcrumb","itemListElement":[{"@type":"ListItem","position":1,"name":"Accueil","item":"https:\/\/gites-vignerons.com\/fr\/"},{"@type":"ListItem","position":2,"name":"La Presse en parle"}]},{"@type":"WebSite","@id":"https:\/\/gites-vignerons.com\/fr\/#website","url":"https:\/\/gites-vignerons.com\/fr\/","name":"Gites Vignerons","description":"Locations de g\u00eetes avec piscine dans vignoble en Occitanie - Sud de la France","publisher":{"@id":"https:\/\/gites-vignerons.com\/fr\/#organization"},"potentialAction":[{"@type":"SearchAction","target":{"@type":"EntryPoint","urlTemplate":"https:\/\/gites-vignerons.com\/fr\/?s={search_term_string}"},"query-input":{"@type":"PropertyValueSpecification","valueRequired":true,"valueName":"search_term_string"}}],"inLanguage":"fr-FR"},{"@type":"Organization","@id":"https:\/\/gites-vignerons.com\/fr\/#organization","name":"G\u00eetes Vignerons - location dans le Sud de la France","url":"https:\/\/gites-vignerons.com\/fr\/","logo":{"@type":"ImageObject","inLanguage":"fr-FR","@id":"https:\/\/gites-vignerons.com\/fr\/#\/schema\/logo\/image\/","url":"https:\/\/gites-vignerons.com\/wp-content\/uploads\/2017\/04\/logo-small.png","contentUrl":"https:\/\/gites-vignerons.com\/wp-content\/uploads\/2017\/04\/logo-small.png","width":120,"height":157,"caption":"G\u00eetes Vignerons - location dans le Sud de la France"},"image":{"@id":"https:\/\/gites-vignerons.com\/fr\/#\/schema\/logo\/image\/"}}]}},"_links":{"self":[{"href":"https:\/\/gites-vignerons.com\/fr\/wp-json\/wp\/v2\/pages\/83"}],"collection":[{"href":"https:\/\/gites-vignerons.com\/fr\/wp-json\/wp\/v2\/pages"}],"about":[{"href":"https:\/\/gites-vignerons.com\/fr\/wp-json\/wp\/v2\/types\/page"}],"author":[{"embeddable":true,"href":"https:\/\/gites-vignerons.com\/fr\/wp-json\/wp\/v2\/users\/1"}],"replies":[{"embeddable":true,"href":"https:\/\/gites-vignerons.com\/fr\/wp-json\/wp\/v2\/comments?post=83"}],"version-history":[{"count":5,"href":"https:\/\/gites-vignerons.com\/fr\/wp-json\/wp\/v2\/pages\/83\/revisions"}],"predecessor-version":[{"id":374,"href":"https:\/\/gites-vignerons.com\/fr\/wp-json\/wp\/v2\/pages\/83\/revisions\/374"}],"wp:attachment":[{"href":"https:\/\/gites-vignerons.com\/fr\/wp-json\/wp\/v2\/media?parent=83"}],"curies":[{"name":"wp","href":"https:\/\/api.w.org\/{rel}","templated":true}]}}