{"id":76,"date":"2017-04-20T18:03:54","date_gmt":"2017-04-20T16:03:54","guid":{"rendered":"http:\/\/gites-vignerons.com\/?page_id=76"},"modified":"2017-12-18T19:32:11","modified_gmt":"2017-12-18T18:32:11","slug":"nos-garanties","status":"publish","type":"page","link":"https:\/\/gites-vignerons.com\/fr\/nos-garanties\/","title":{"rendered":"Nos Garanties"},"content":{"rendered":"<h1>\n\t\tNOS GARANTIES<br \/>\n\t<\/h1>\n<h2 style=\"text-align: center;\">GARANTIES AGENCE<\/h2>\n<p style=\"text-align: center;\"><img decoding=\"async\" src=\"http:\/\/gites-vignerons.com\/wp-content\/uploads\/2017\/04\/atoutfrance-min.png\" alt=\"\" \/><\/p>\n<p><strong>G\u00ceTES VIGNERONS est une agence de voyages.<\/strong><\/p>\n<p>Pour avoir le droit d\u2019exercer, elle a d\u00fb faire la demande aupr\u00e8s de la pr\u00e9fecture de l\u2019Aude, d\u2019une licence extr\u00eamement r\u00e9glement\u00e9e. Son g\u00e9rant a d\u00fb pr\u00e9senter des garanties professionnelles et financi\u00e8res rigoureuses afin de se voir octroyer une immatriculation ATOUT France sous le num\u00e9ro IMO11120014.<\/p>\n<p style=\"text-align: center;\"><img loading=\"lazy\" decoding=\"async\" src=\"http:\/\/gites-vignerons.com\/wp-content\/uploads\/2017\/04\/logo-aps.png\" alt=\"\" width=\"80\" height=\"78\" \/><\/p>\n<p>G\u00ceTES VIGNERONS en tant qu\u2019agence de voyages est membre de l\u2019APS (association professionnelle de solidarit\u00e9 du tourisme). Pour se voir d\u00e9livr\u00e9 sa licence de voyages, G\u00ceTES VIGNERONS \u00e0 d\u00fb d\u00e9poser un fond de garantie aupr\u00e8s de cette soci\u00e9t\u00e9 de cautionnement. Son r\u00f4le est de prot\u00e9ger le client\/consommateur en cas de d\u00e9faillance de l\u2019agence.<\/p>\n<p>1\u00b0 La Garantie en Services. L&rsquo;Association Professionnelle de Solidarit\u00e9 du Tourisme (APS) a pour vocation de d\u00e9livrer en priorit\u00e9 sa garantie en services aux \u00ab\u00a0clients-consommateurs\u00a0\u00bb sous la forme de prestations directement command\u00e9es \u00e0 un adh\u00e9rent d\u00e9faillant. Cette garantie en services est d\u00e9livr\u00e9e sous la forme de prestations de substitution semblables ou \u00e9quivalentes \u00e0 celles qui ont \u00e9t\u00e9 command\u00e9es et qui sont le cas \u00e9ch\u00e9ant adapt\u00e9es aux circonstances ou aux contraintes de l&rsquo;urgence. Ce syst\u00e8me volontariste et original pr\u00e9sente l&rsquo;avantage de permettre au \u00ab\u00a0client-consommateur\u00a0\u00bb subissant la d\u00e9faillance financi\u00e8re de l&rsquo;adh\u00e9rent de r\u00e9aliser, voire de poursuivre, son voyage ou son s\u00e9jour dans des conditions satisfaisantes.<\/p>\n<p>2\u00b0 La Garantie des Fonds D\u00e9pos\u00e9s. Lorsque pour des raisons d\u2019ordre purement technique l&rsquo;Association Professionnelle de Solidarit\u00e9 du Tourisme (APS) ne peut fournir sa garantie en services, elle rembourse le montant des acomptes vers\u00e9s dans le cadre des relations contractuelles directement \u00e9tablies entre le \u00ab\u00a0client-consommateur\u00a0\u00bb et l\u2019adh\u00e9rent d\u00e9faillant.<\/p>\n<p><strong>Depuis le 1er janvier 1997, l\u2019Association Professionnelle de Solidarit\u00e9 du Tourisme (APS) a unilat\u00e9ralement d\u00e9plafonn\u00e9 le montant de ses remboursements. La garantie APS d\u00e9nomm\u00e9e \u00ab\u00a0Garantie des Fonds D\u00e9pos\u00e9s\u00a0\u00bb s&rsquo;applique donc \u00e0 la totalit\u00e9 du montant des fonds d\u00e9pos\u00e9s par le \u00ab\u00a0client-consommateur\u00a0\u00bb. En d\u00e9passant le plafond de la garantie l\u00e9gale et en privil\u00e9giant la fourniture de prestations de substitution, l\u2019Association Professionnelle de Solidarit\u00e9 du Tourisme (APS) va au-del\u00e0 des seules obligations l\u00e9gales, montrant ainsi la volont\u00e9 des professionnels regroup\u00e9s au sein de l\u2019APS d\u2019apporter, dans un souci d\u2019int\u00e9r\u00eat g\u00e9n\u00e9ral, une protection suppl\u00e9mentaire au profit des \u00ab\u00a0clients-consommateurs\u00a0\u00bb.<\/strong><\/p>\n<p style=\"text-align: center;\"><img loading=\"lazy\" decoding=\"async\" src=\"http:\/\/gites-vignerons.com\/wp-content\/uploads\/2017\/04\/logo-gan.png\" alt=\"\" width=\"80\" height=\"78\" \/><\/p>\n<p style=\"text-align: center;\">G\u00ceTES VIGNERONS \u00e0 une RCP r\u00e9f\u00e9renc\u00e9e sous le num\u00e9ro de contrat : 86 323\u00a0464 aupr\u00e8s de GAN EUROCOURTAGE<\/p>\n<p style=\"text-align: center;\"><img loading=\"lazy\" decoding=\"async\" src=\"http:\/\/gites-vignerons.com\/wp-content\/uploads\/2017\/04\/logo-cnil.png\" alt=\"\" width=\"135\" height=\"70\" \/><\/p>\n<p style=\"text-align: center;\">G\u00ceTES VIGNERONS, en tant que commerce en ligne est inscrite \u00e0 la CNIL, la commission nationale Informatique et Libert\u00e9 qui a un droit de regard sur le contenu des sites internet et qui veille au respect de la \u00ab net \u00e9tiquette \u00bb<\/p>\n<h2 style=\"text-align: center;\">ASSURANCES VOYAGES<\/h2>\n<p style=\"text-align: center;\"><img loading=\"lazy\" decoding=\"async\" src=\"http:\/\/gites-vignerons.com\/wp-content\/uploads\/2017\/04\/logo-april.png\" alt=\"\" width=\"98\" height=\"80\" \/><\/p>\n<p style=\"text-align: left;\">Nous vous proposons de souscrire une assurance multirisques, qui vous garantit (<strong><a href=\"http:\/\/gites-vignerons.com\/wp-content\/uploads\/2017\/04\/assurances.pdf\">sous conditions sp\u00e9cifi\u00e9es et ci-jointes<\/a><\/strong>) pour les cas :<br \/>\n&#8211; d\u2019annulation avant le d\u00e9part,<br \/>\n&#8211; de perte, vol ou d\u00e9t\u00e9rioration de vos bagages (franchise de 30 euros par personne)<br \/>\n&#8211; d\u2019assistance rapatriement<br \/>\n&#8211; d\u2019interruption de s\u00e9jour<br \/>\n&#8211; de responsabilit\u00e9 civile (franchise 76 euros pour le dossier)<\/p>\n<p>EXCLUSIF : dans le cadre d\u2019une location partag\u00e9e par plusieurs personnes et en cas d\u2019annulation de l\u2019une (ou de plusieurs) d\u2019entre elles, celles-ci peuvent \u00eatre rembours\u00e9es, fonction de leur part de location pay\u00e9e.<\/p>\n","protected":false},"excerpt":{"rendered":"<p>NOS GARANTIES GARANTIES AGENCE G\u00ceTES VIGNERONS est une agence de voyages. Pour avoir le droit d\u2019exercer, elle a d\u00fb faire la demande aupr\u00e8s de la pr\u00e9fecture de l\u2019Aude, d\u2019une licence extr\u00eamement r\u00e9glement\u00e9e. Son g\u00e9rant a d\u00fb pr\u00e9senter des garanties professionnelles et financi\u00e8res rigoureuses afin de se voir octroyer une immatriculation ATOUT France sous le num\u00e9ro&hellip;<\/p>\n","protected":false},"author":1,"featured_media":0,"parent":0,"menu_order":0,"comment_status":"closed","ping_status":"closed","template":"","meta":{"footnotes":""},"class_list":["post-76","page","type-page","status-publish","hentry"],"yoast_head":"<!-- This site is optimized with the Yoast SEO plugin v23.5 - https:\/\/yoast.com\/wordpress\/plugins\/seo\/ -->\n<title>Nos Garanties - Gites Vignerons<\/title>\n<meta name=\"robots\" content=\"index, follow, max-snippet:-1, max-image-preview:large, max-video-preview:-1\" \/>\n<link rel=\"canonical\" href=\"https:\/\/gites-vignerons.com\/fr\/nos-garanties\/\" \/>\n<meta property=\"og:locale\" content=\"fr_FR\" \/>\n<meta property=\"og:type\" content=\"article\" \/>\n<meta property=\"og:title\" content=\"Nos Garanties - Gites Vignerons\" \/>\n<meta property=\"og:description\" content=\"NOS GARANTIES GARANTIES AGENCE G\u00ceTES VIGNERONS est une agence de voyages. Pour avoir le droit d\u2019exercer, elle a d\u00fb faire la demande aupr\u00e8s de la pr\u00e9fecture de l\u2019Aude, d\u2019une licence extr\u00eamement r\u00e9glement\u00e9e. Son g\u00e9rant a d\u00fb pr\u00e9senter des garanties professionnelles et financi\u00e8res rigoureuses afin de se voir octroyer une immatriculation ATOUT France sous le num\u00e9ro&hellip;\" \/>\n<meta property=\"og:url\" content=\"https:\/\/gites-vignerons.com\/fr\/nos-garanties\/\" \/>\n<meta property=\"og:site_name\" content=\"Gites Vignerons\" \/>\n<meta property=\"article:modified_time\" content=\"2017-12-18T18:32:11+00:00\" \/>\n<meta property=\"og:image\" content=\"http:\/\/gites-vignerons.com\/wp-content\/uploads\/2017\/04\/atoutfrance-min.png\" \/>\n<meta name=\"twitter:card\" content=\"summary_large_image\" \/>\n<meta name=\"twitter:label1\" content=\"Dur\u00e9e de lecture estim\u00e9e\" \/>\n\t<meta name=\"twitter:data1\" content=\"3 minutes\" \/>\n<script type=\"application\/ld+json\" class=\"yoast-schema-graph\">{\"@context\":\"https:\/\/schema.org\",\"@graph\":[{\"@type\":\"WebPage\",\"@id\":\"https:\/\/gites-vignerons.com\/fr\/nos-garanties\/\",\"url\":\"https:\/\/gites-vignerons.com\/fr\/nos-garanties\/\",\"name\":\"Nos Garanties - Gites Vignerons\",\"isPartOf\":{\"@id\":\"https:\/\/gites-vignerons.com\/fr\/#website\"},\"primaryImageOfPage\":{\"@id\":\"https:\/\/gites-vignerons.com\/fr\/nos-garanties\/#primaryimage\"},\"image\":{\"@id\":\"https:\/\/gites-vignerons.com\/fr\/nos-garanties\/#primaryimage\"},\"thumbnailUrl\":\"http:\/\/gites-vignerons.com\/wp-content\/uploads\/2017\/04\/atoutfrance-min.png\",\"datePublished\":\"2017-04-20T16:03:54+00:00\",\"dateModified\":\"2017-12-18T18:32:11+00:00\",\"breadcrumb\":{\"@id\":\"https:\/\/gites-vignerons.com\/fr\/nos-garanties\/#breadcrumb\"},\"inLanguage\":\"fr-FR\",\"potentialAction\":[{\"@type\":\"ReadAction\",\"target\":[\"https:\/\/gites-vignerons.com\/fr\/nos-garanties\/\"]}]},{\"@type\":\"ImageObject\",\"inLanguage\":\"fr-FR\",\"@id\":\"https:\/\/gites-vignerons.com\/fr\/nos-garanties\/#primaryimage\",\"url\":\"http:\/\/gites-vignerons.com\/wp-content\/uploads\/2017\/04\/atoutfrance-min.png\",\"contentUrl\":\"http:\/\/gites-vignerons.com\/wp-content\/uploads\/2017\/04\/atoutfrance-min.png\"},{\"@type\":\"BreadcrumbList\",\"@id\":\"https:\/\/gites-vignerons.com\/fr\/nos-garanties\/#breadcrumb\",\"itemListElement\":[{\"@type\":\"ListItem\",\"position\":1,\"name\":\"Accueil\",\"item\":\"https:\/\/gites-vignerons.com\/fr\/\"},{\"@type\":\"ListItem\",\"position\":2,\"name\":\"Nos Garanties\"}]},{\"@type\":\"WebSite\",\"@id\":\"https:\/\/gites-vignerons.com\/fr\/#website\",\"url\":\"https:\/\/gites-vignerons.com\/fr\/\",\"name\":\"Gites Vignerons\",\"description\":\"Locations de g\u00eetes avec piscine dans vignoble en Occitanie - Sud de la France\",\"publisher\":{\"@id\":\"https:\/\/gites-vignerons.com\/fr\/#organization\"},\"potentialAction\":[{\"@type\":\"SearchAction\",\"target\":{\"@type\":\"EntryPoint\",\"urlTemplate\":\"https:\/\/gites-vignerons.com\/fr\/?s={search_term_string}\"},\"query-input\":{\"@type\":\"PropertyValueSpecification\",\"valueRequired\":true,\"valueName\":\"search_term_string\"}}],\"inLanguage\":\"fr-FR\"},{\"@type\":\"Organization\",\"@id\":\"https:\/\/gites-vignerons.com\/fr\/#organization\",\"name\":\"G\u00eetes Vignerons - location dans le Sud de la France\",\"url\":\"https:\/\/gites-vignerons.com\/fr\/\",\"logo\":{\"@type\":\"ImageObject\",\"inLanguage\":\"fr-FR\",\"@id\":\"https:\/\/gites-vignerons.com\/fr\/#\/schema\/logo\/image\/\",\"url\":\"https:\/\/gites-vignerons.com\/wp-content\/uploads\/2017\/04\/logo-small.png\",\"contentUrl\":\"https:\/\/gites-vignerons.com\/wp-content\/uploads\/2017\/04\/logo-small.png\",\"width\":120,\"height\":157,\"caption\":\"G\u00eetes Vignerons - location dans le Sud de la France\"},\"image\":{\"@id\":\"https:\/\/gites-vignerons.com\/fr\/#\/schema\/logo\/image\/\"}}]}<\/script>\n<!-- \/ Yoast SEO plugin. -->","yoast_head_json":{"title":"Nos Garanties - Gites Vignerons","robots":{"index":"index","follow":"follow","max-snippet":"max-snippet:-1","max-image-preview":"max-image-preview:large","max-video-preview":"max-video-preview:-1"},"canonical":"https:\/\/gites-vignerons.com\/fr\/nos-garanties\/","og_locale":"fr_FR","og_type":"article","og_title":"Nos Garanties - Gites Vignerons","og_description":"NOS GARANTIES GARANTIES AGENCE G\u00ceTES VIGNERONS est une agence de voyages. Pour avoir le droit d\u2019exercer, elle a d\u00fb faire la demande aupr\u00e8s de la pr\u00e9fecture de l\u2019Aude, d\u2019une licence extr\u00eamement r\u00e9glement\u00e9e. Son g\u00e9rant a d\u00fb pr\u00e9senter des garanties professionnelles et financi\u00e8res rigoureuses afin de se voir octroyer une immatriculation ATOUT France sous le num\u00e9ro&hellip;","og_url":"https:\/\/gites-vignerons.com\/fr\/nos-garanties\/","og_site_name":"Gites Vignerons","article_modified_time":"2017-12-18T18:32:11+00:00","og_image":[{"url":"http:\/\/gites-vignerons.com\/wp-content\/uploads\/2017\/04\/atoutfrance-min.png"}],"twitter_card":"summary_large_image","twitter_misc":{"Dur\u00e9e de lecture estim\u00e9e":"3 minutes"},"schema":{"@context":"https:\/\/schema.org","@graph":[{"@type":"WebPage","@id":"https:\/\/gites-vignerons.com\/fr\/nos-garanties\/","url":"https:\/\/gites-vignerons.com\/fr\/nos-garanties\/","name":"Nos Garanties - Gites Vignerons","isPartOf":{"@id":"https:\/\/gites-vignerons.com\/fr\/#website"},"primaryImageOfPage":{"@id":"https:\/\/gites-vignerons.com\/fr\/nos-garanties\/#primaryimage"},"image":{"@id":"https:\/\/gites-vignerons.com\/fr\/nos-garanties\/#primaryimage"},"thumbnailUrl":"http:\/\/gites-vignerons.com\/wp-content\/uploads\/2017\/04\/atoutfrance-min.png","datePublished":"2017-04-20T16:03:54+00:00","dateModified":"2017-12-18T18:32:11+00:00","breadcrumb":{"@id":"https:\/\/gites-vignerons.com\/fr\/nos-garanties\/#breadcrumb"},"inLanguage":"fr-FR","potentialAction":[{"@type":"ReadAction","target":["https:\/\/gites-vignerons.com\/fr\/nos-garanties\/"]}]},{"@type":"ImageObject","inLanguage":"fr-FR","@id":"https:\/\/gites-vignerons.com\/fr\/nos-garanties\/#primaryimage","url":"http:\/\/gites-vignerons.com\/wp-content\/uploads\/2017\/04\/atoutfrance-min.png","contentUrl":"http:\/\/gites-vignerons.com\/wp-content\/uploads\/2017\/04\/atoutfrance-min.png"},{"@type":"BreadcrumbList","@id":"https:\/\/gites-vignerons.com\/fr\/nos-garanties\/#breadcrumb","itemListElement":[{"@type":"ListItem","position":1,"name":"Accueil","item":"https:\/\/gites-vignerons.com\/fr\/"},{"@type":"ListItem","position":2,"name":"Nos Garanties"}]},{"@type":"WebSite","@id":"https:\/\/gites-vignerons.com\/fr\/#website","url":"https:\/\/gites-vignerons.com\/fr\/","name":"Gites Vignerons","description":"Locations de g\u00eetes avec piscine dans vignoble en Occitanie - Sud de la France","publisher":{"@id":"https:\/\/gites-vignerons.com\/fr\/#organization"},"potentialAction":[{"@type":"SearchAction","target":{"@type":"EntryPoint","urlTemplate":"https:\/\/gites-vignerons.com\/fr\/?s={search_term_string}"},"query-input":{"@type":"PropertyValueSpecification","valueRequired":true,"valueName":"search_term_string"}}],"inLanguage":"fr-FR"},{"@type":"Organization","@id":"https:\/\/gites-vignerons.com\/fr\/#organization","name":"G\u00eetes Vignerons - location dans le Sud de la France","url":"https:\/\/gites-vignerons.com\/fr\/","logo":{"@type":"ImageObject","inLanguage":"fr-FR","@id":"https:\/\/gites-vignerons.com\/fr\/#\/schema\/logo\/image\/","url":"https:\/\/gites-vignerons.com\/wp-content\/uploads\/2017\/04\/logo-small.png","contentUrl":"https:\/\/gites-vignerons.com\/wp-content\/uploads\/2017\/04\/logo-small.png","width":120,"height":157,"caption":"G\u00eetes Vignerons - location dans le Sud de la France"},"image":{"@id":"https:\/\/gites-vignerons.com\/fr\/#\/schema\/logo\/image\/"}}]}},"_links":{"self":[{"href":"https:\/\/gites-vignerons.com\/fr\/wp-json\/wp\/v2\/pages\/76"}],"collection":[{"href":"https:\/\/gites-vignerons.com\/fr\/wp-json\/wp\/v2\/pages"}],"about":[{"href":"https:\/\/gites-vignerons.com\/fr\/wp-json\/wp\/v2\/types\/page"}],"author":[{"embeddable":true,"href":"https:\/\/gites-vignerons.com\/fr\/wp-json\/wp\/v2\/users\/1"}],"replies":[{"embeddable":true,"href":"https:\/\/gites-vignerons.com\/fr\/wp-json\/wp\/v2\/comments?post=76"}],"version-history":[{"count":4,"href":"https:\/\/gites-vignerons.com\/fr\/wp-json\/wp\/v2\/pages\/76\/revisions"}],"predecessor-version":[{"id":467,"href":"https:\/\/gites-vignerons.com\/fr\/wp-json\/wp\/v2\/pages\/76\/revisions\/467"}],"wp:attachment":[{"href":"https:\/\/gites-vignerons.com\/fr\/wp-json\/wp\/v2\/media?parent=76"}],"curies":[{"name":"wp","href":"https:\/\/api.w.org\/{rel}","templated":true}]}}