{"id":75,"date":"2017-04-20T18:03:43","date_gmt":"2017-04-20T16:03:43","guid":{"rendered":"http:\/\/gites-vignerons.com\/?page_id=75"},"modified":"2017-12-18T19:28:17","modified_gmt":"2017-12-18T18:28:17","slug":"cookies-donnees-personnelles","status":"publish","type":"page","link":"https:\/\/gites-vignerons.com\/fr\/cookies-donnees-personnelles\/","title":{"rendered":"Cookies et donn\u00e9es personnelles"},"content":{"rendered":"<h1>\n\t\tCOOKIES ET DONN\u00c9ES PERSONNELLES<br \/>\n\t<\/h1>\n<p><strong>Politique de confidentialit\u00e9<\/strong><\/p>\n<p>Devant le d\u00e9veloppement des nouveaux outils de communication, il est n\u00e9cessaire de porter une attention particuli\u00e8re \u00e0 la protection de la vie priv\u00e9e. C&rsquo;est pourquoi, nous nous engageons \u00e0 respecter la confidentialit\u00e9 des renseignements personnels que nous collectons.<\/p>\n<p>&nbsp;<\/p>\n<p><strong>Loi Informatique et libert\u00e9s du 6 janvier 1978<\/strong><\/p>\n<p>Le site internet www.gites-vignerons.com est d\u00e9clar\u00e9 aupr\u00e8s de la C.N.I.L. (Commission Nationale de l\u2019Informatique et des Libert\u00e9s).<br \/>\nConform\u00e9ment aux articles 39 et suivants de la loi n\u00b0 78-17 du 6 janvier 1978 relative \u00e0 l\u2019informatique, aux fichiers et aux libert\u00e9s, toute personne peut obtenir communication et, le cas \u00e9ch\u00e9ant, rectification ou suppression des informations la concernant. Ces donn\u00e9es sont celles que vous aurez volontairement enregistr\u00e9es lors d\u2019une demande d\u2019informations ou d\u2019inscription \u00e0 l\u2019un de nos services.Pour exercer ce droit vous pouvez \u00e0 tout moment nous \u00e9crire par email : contact@gites-vignerons.com, ou par courrier \u00e0 l&rsquo;adresse suivante :\u00a0Domaine de Fresquet &#8211;\u00a0Route de Marcorignan &#8211;\u00a011100 NARBONNE &#8211; FRANCE<\/p>\n<p>&nbsp;<\/p>\n<p><strong>Finalit\u00e9 du traitement des informations personnelles<\/strong><\/p>\n<p>G\u00eetes Vignerons s&rsquo;engage \u00e0 prot\u00e9ger la vie priv\u00e9e et les renseignements personnels que les visiteurs peuvent fournir \u00e0 des fins de communication et d&rsquo;information. Ces informations nous sont importantes afin de vous fournir le meilleur service possible.<\/p>\n<p>Les renseignements fournis sont destin\u00e9s \u00e0 g\u00e9rer vos demandes d\u2019informations, vos demandes d&rsquo;\u00e9tudes chiffr\u00e9es ou votre abonnement \u00e0 nos lettres d&rsquo;informations (newsletters).<\/p>\n<p>&nbsp;<\/p>\n<p><strong>Transmission des informations personnelles<\/strong><\/p>\n<p>G\u00eetes Vignerons s\u2019engage \u00e0 ne pas c\u00e9der ou vendre aucunes informations personnelles vous concernant \u00e0 des tiers ni \u00e0 utiliser ces informations \u00e0 des fins non pr\u00e9vues.<\/p>\n<p>&nbsp;<\/p>\n<p><strong>S\u00e9curit\u00e9 et protection des donn\u00e9es<\/strong><\/p>\n<p>G\u00eetes Vignerons s&rsquo;engage \u00e0 prendre toutes les pr\u00e9cautions utiles pour pr\u00e9server la s\u00e9curit\u00e9 des donn\u00e9es et, notamment, emp\u00eacher qu\u2019elles soient d\u00e9form\u00e9es, endommag\u00e9es, ou que des tiers non autoris\u00e9s y aient acc\u00e8s.<\/p>\n<p>&nbsp;<\/p>\n<p><strong>Information relative aux \u00ab\u00a0cookies\u00a0\u00bb<\/strong><\/p>\n<p>L\u2019utilisateur est inform\u00e9 que lors de ses visites sur le site www.gites vignerons.com un ou des cookies sont susceptible de s\u2019installer automatiquement sur son ordinateur. Un cookie est un fichier de petite taille, qui ne permet pas l\u2019identification de l\u2019utilisateur, mais qui enregistre des informations relatives \u00e0 la navigation d\u2019un ordinateur sur un site. Les donn\u00e9es ainsi obtenues visent \u00e0 faciliter la navigation ult\u00e9rieure sur le site, et ont \u00e9galement vocation \u00e0 permettre diverses mesures de fr\u00e9quentation.<\/p>\n<p>Le param\u00e9trage du logiciel de navigation permet d\u2019informer de la pr\u00e9sence de cookie et \u00e9ventuellement, de refuser de la mani\u00e8re d\u00e9crite \u00e0 l\u2019adresse suivante : www.cnil.fr<br \/>\nLe refus d\u2019installation d\u2019un cookie peut entra\u00eener l\u2019impossibilit\u00e9 d\u2019acc\u00e9der \u00e0 certains services. L\u2019utilisateur peut toutefois configurer son ordinateur de la mani\u00e8re suivante, pour refuser l\u2019installation des cookies :<br \/>\nSous Internet Explorer : onglet outil \/ options internet. Cliquez sur Confidentialit\u00e9 et choisissez Bloquer tous les cookies. Validez sur Ok.<br \/>\nSous Netscape : onglet \u00e9dition \/ pr\u00e9f\u00e9rences. Cliquez sur Avanc\u00e9es et choisissez D\u00e9sactiver les cookies. Validez sur Ok.<\/p>\n<p>&nbsp;<\/p>\n<p><strong>Donn\u00e9es collect\u00e9es<\/strong><\/p>\n<p>G\u00eetes Vignerons peut enregistrer les adresses IP, le pays et la ville de provenance de ses visiteurs, le syst\u00e8me d\u2019exploitation utilis\u00e9, et autres informations techniques \u00e0 des fins statistiques dans le but d&rsquo;am\u00e9lioration de ses services.<\/p>\n","protected":false},"excerpt":{"rendered":"<p>COOKIES ET DONN\u00c9ES PERSONNELLES Politique de confidentialit\u00e9 Devant le d\u00e9veloppement des nouveaux outils de communication, il est n\u00e9cessaire de porter une attention particuli\u00e8re \u00e0 la protection de la vie priv\u00e9e. C&rsquo;est pourquoi, nous nous engageons \u00e0 respecter la confidentialit\u00e9 des renseignements personnels que nous collectons. &nbsp; Loi Informatique et libert\u00e9s du 6 janvier 1978 Le&hellip;<\/p>\n","protected":false},"author":1,"featured_media":0,"parent":0,"menu_order":0,"comment_status":"closed","ping_status":"closed","template":"","meta":{"footnotes":""},"class_list":["post-75","page","type-page","status-publish","hentry"],"yoast_head":"<!-- This site is optimized with the Yoast SEO plugin v23.5 - https:\/\/yoast.com\/wordpress\/plugins\/seo\/ -->\n<title>Cookies et donn\u00e9es personnelles - Gites Vignerons<\/title>\n<meta name=\"robots\" content=\"noindex, follow\" \/>\n<meta property=\"og:locale\" content=\"fr_FR\" \/>\n<meta property=\"og:type\" content=\"article\" \/>\n<meta property=\"og:title\" content=\"Cookies et donn\u00e9es personnelles - Gites Vignerons\" \/>\n<meta property=\"og:description\" content=\"COOKIES ET DONN\u00c9ES PERSONNELLES Politique de confidentialit\u00e9 Devant le d\u00e9veloppement des nouveaux outils de communication, il est n\u00e9cessaire de porter une attention particuli\u00e8re \u00e0 la protection de la vie priv\u00e9e. C&rsquo;est pourquoi, nous nous engageons \u00e0 respecter la confidentialit\u00e9 des renseignements personnels que nous collectons. &nbsp; Loi Informatique et libert\u00e9s du 6 janvier 1978 Le&hellip;\" \/>\n<meta property=\"og:url\" content=\"https:\/\/gites-vignerons.com\/fr\/cookies-donnees-personnelles\/\" \/>\n<meta property=\"og:site_name\" content=\"Gites Vignerons\" \/>\n<meta property=\"article:modified_time\" content=\"2017-12-18T18:28:17+00:00\" \/>\n<meta name=\"twitter:card\" content=\"summary_large_image\" \/>\n<meta name=\"twitter:label1\" content=\"Dur\u00e9e de lecture estim\u00e9e\" \/>\n\t<meta name=\"twitter:data1\" content=\"3 minutes\" \/>\n<script type=\"application\/ld+json\" class=\"yoast-schema-graph\">{\"@context\":\"https:\/\/schema.org\",\"@graph\":[{\"@type\":\"WebPage\",\"@id\":\"https:\/\/gites-vignerons.com\/fr\/cookies-donnees-personnelles\/\",\"url\":\"https:\/\/gites-vignerons.com\/fr\/cookies-donnees-personnelles\/\",\"name\":\"Cookies et donn\u00e9es personnelles - Gites Vignerons\",\"isPartOf\":{\"@id\":\"https:\/\/gites-vignerons.com\/fr\/#website\"},\"datePublished\":\"2017-04-20T16:03:43+00:00\",\"dateModified\":\"2017-12-18T18:28:17+00:00\",\"breadcrumb\":{\"@id\":\"https:\/\/gites-vignerons.com\/fr\/cookies-donnees-personnelles\/#breadcrumb\"},\"inLanguage\":\"fr-FR\",\"potentialAction\":[{\"@type\":\"ReadAction\",\"target\":[\"https:\/\/gites-vignerons.com\/fr\/cookies-donnees-personnelles\/\"]}]},{\"@type\":\"BreadcrumbList\",\"@id\":\"https:\/\/gites-vignerons.com\/fr\/cookies-donnees-personnelles\/#breadcrumb\",\"itemListElement\":[{\"@type\":\"ListItem\",\"position\":1,\"name\":\"Accueil\",\"item\":\"https:\/\/gites-vignerons.com\/fr\/\"},{\"@type\":\"ListItem\",\"position\":2,\"name\":\"Cookies et donn\u00e9es personnelles\"}]},{\"@type\":\"WebSite\",\"@id\":\"https:\/\/gites-vignerons.com\/fr\/#website\",\"url\":\"https:\/\/gites-vignerons.com\/fr\/\",\"name\":\"Gites Vignerons\",\"description\":\"Locations de g\u00eetes avec piscine dans vignoble en Occitanie - Sud de la France\",\"publisher\":{\"@id\":\"https:\/\/gites-vignerons.com\/fr\/#organization\"},\"potentialAction\":[{\"@type\":\"SearchAction\",\"target\":{\"@type\":\"EntryPoint\",\"urlTemplate\":\"https:\/\/gites-vignerons.com\/fr\/?s={search_term_string}\"},\"query-input\":{\"@type\":\"PropertyValueSpecification\",\"valueRequired\":true,\"valueName\":\"search_term_string\"}}],\"inLanguage\":\"fr-FR\"},{\"@type\":\"Organization\",\"@id\":\"https:\/\/gites-vignerons.com\/fr\/#organization\",\"name\":\"G\u00eetes Vignerons - location dans le Sud de la France\",\"url\":\"https:\/\/gites-vignerons.com\/fr\/\",\"logo\":{\"@type\":\"ImageObject\",\"inLanguage\":\"fr-FR\",\"@id\":\"https:\/\/gites-vignerons.com\/fr\/#\/schema\/logo\/image\/\",\"url\":\"https:\/\/gites-vignerons.com\/wp-content\/uploads\/2017\/04\/logo-small.png\",\"contentUrl\":\"https:\/\/gites-vignerons.com\/wp-content\/uploads\/2017\/04\/logo-small.png\",\"width\":120,\"height\":157,\"caption\":\"G\u00eetes Vignerons - location dans le Sud de la France\"},\"image\":{\"@id\":\"https:\/\/gites-vignerons.com\/fr\/#\/schema\/logo\/image\/\"}}]}<\/script>\n<!-- \/ Yoast SEO plugin. -->","yoast_head_json":{"title":"Cookies et donn\u00e9es personnelles - Gites Vignerons","robots":{"index":"noindex","follow":"follow"},"og_locale":"fr_FR","og_type":"article","og_title":"Cookies et donn\u00e9es personnelles - Gites Vignerons","og_description":"COOKIES ET DONN\u00c9ES PERSONNELLES Politique de confidentialit\u00e9 Devant le d\u00e9veloppement des nouveaux outils de communication, il est n\u00e9cessaire de porter une attention particuli\u00e8re \u00e0 la protection de la vie priv\u00e9e. C&rsquo;est pourquoi, nous nous engageons \u00e0 respecter la confidentialit\u00e9 des renseignements personnels que nous collectons. &nbsp; Loi Informatique et libert\u00e9s du 6 janvier 1978 Le&hellip;","og_url":"https:\/\/gites-vignerons.com\/fr\/cookies-donnees-personnelles\/","og_site_name":"Gites Vignerons","article_modified_time":"2017-12-18T18:28:17+00:00","twitter_card":"summary_large_image","twitter_misc":{"Dur\u00e9e de lecture estim\u00e9e":"3 minutes"},"schema":{"@context":"https:\/\/schema.org","@graph":[{"@type":"WebPage","@id":"https:\/\/gites-vignerons.com\/fr\/cookies-donnees-personnelles\/","url":"https:\/\/gites-vignerons.com\/fr\/cookies-donnees-personnelles\/","name":"Cookies et donn\u00e9es personnelles - Gites Vignerons","isPartOf":{"@id":"https:\/\/gites-vignerons.com\/fr\/#website"},"datePublished":"2017-04-20T16:03:43+00:00","dateModified":"2017-12-18T18:28:17+00:00","breadcrumb":{"@id":"https:\/\/gites-vignerons.com\/fr\/cookies-donnees-personnelles\/#breadcrumb"},"inLanguage":"fr-FR","potentialAction":[{"@type":"ReadAction","target":["https:\/\/gites-vignerons.com\/fr\/cookies-donnees-personnelles\/"]}]},{"@type":"BreadcrumbList","@id":"https:\/\/gites-vignerons.com\/fr\/cookies-donnees-personnelles\/#breadcrumb","itemListElement":[{"@type":"ListItem","position":1,"name":"Accueil","item":"https:\/\/gites-vignerons.com\/fr\/"},{"@type":"ListItem","position":2,"name":"Cookies et donn\u00e9es personnelles"}]},{"@type":"WebSite","@id":"https:\/\/gites-vignerons.com\/fr\/#website","url":"https:\/\/gites-vignerons.com\/fr\/","name":"Gites Vignerons","description":"Locations de g\u00eetes avec piscine dans vignoble en Occitanie - Sud de la France","publisher":{"@id":"https:\/\/gites-vignerons.com\/fr\/#organization"},"potentialAction":[{"@type":"SearchAction","target":{"@type":"EntryPoint","urlTemplate":"https:\/\/gites-vignerons.com\/fr\/?s={search_term_string}"},"query-input":{"@type":"PropertyValueSpecification","valueRequired":true,"valueName":"search_term_string"}}],"inLanguage":"fr-FR"},{"@type":"Organization","@id":"https:\/\/gites-vignerons.com\/fr\/#organization","name":"G\u00eetes Vignerons - location dans le Sud de la France","url":"https:\/\/gites-vignerons.com\/fr\/","logo":{"@type":"ImageObject","inLanguage":"fr-FR","@id":"https:\/\/gites-vignerons.com\/fr\/#\/schema\/logo\/image\/","url":"https:\/\/gites-vignerons.com\/wp-content\/uploads\/2017\/04\/logo-small.png","contentUrl":"https:\/\/gites-vignerons.com\/wp-content\/uploads\/2017\/04\/logo-small.png","width":120,"height":157,"caption":"G\u00eetes Vignerons - location dans le Sud de la France"},"image":{"@id":"https:\/\/gites-vignerons.com\/fr\/#\/schema\/logo\/image\/"}}]}},"_links":{"self":[{"href":"https:\/\/gites-vignerons.com\/fr\/wp-json\/wp\/v2\/pages\/75"}],"collection":[{"href":"https:\/\/gites-vignerons.com\/fr\/wp-json\/wp\/v2\/pages"}],"about":[{"href":"https:\/\/gites-vignerons.com\/fr\/wp-json\/wp\/v2\/types\/page"}],"author":[{"embeddable":true,"href":"https:\/\/gites-vignerons.com\/fr\/wp-json\/wp\/v2\/users\/1"}],"replies":[{"embeddable":true,"href":"https:\/\/gites-vignerons.com\/fr\/wp-json\/wp\/v2\/comments?post=75"}],"version-history":[{"count":4,"href":"https:\/\/gites-vignerons.com\/fr\/wp-json\/wp\/v2\/pages\/75\/revisions"}],"predecessor-version":[{"id":462,"href":"https:\/\/gites-vignerons.com\/fr\/wp-json\/wp\/v2\/pages\/75\/revisions\/462"}],"wp:attachment":[{"href":"https:\/\/gites-vignerons.com\/fr\/wp-json\/wp\/v2\/media?parent=75"}],"curies":[{"name":"wp","href":"https:\/\/api.w.org\/{rel}","templated":true}]}}