{"id":73,"date":"2017-04-20T18:02:41","date_gmt":"2017-04-20T16:02:41","guid":{"rendered":"http:\/\/gites-vignerons.com\/?page_id=73"},"modified":"2022-01-27T11:43:41","modified_gmt":"2022-01-27T10:43:41","slug":"mentions-legales","status":"publish","type":"page","link":"https:\/\/gites-vignerons.com\/fr\/mentions-legales\/","title":{"rendered":"Mentions l\u00e9gales"},"content":{"rendered":"<h1>\n\t\tMENTIONS L\u00c9GALES\n\t<\/h1>\n\t<strong>G\u00ceTES VIGNERONS<\/strong> est une agence de tourisme r\u00e9ceptif,<br \/>\ndont la vocation est d\u2019accueillir les vacanciers \u00e9trangers et fran\u00e7ais\n<p>Sa sp\u00e9cificit\u00e9 :\u00a0<strong>LA LOCATION SAISONNIERE DE G\u00ceTES VIGNERONS<\/strong><\/p>\n<p>&nbsp;<\/p>\n<strong>G\u00ceTES VIGNERONS<\/strong> est une agence de voyages implant\u00e9e \u00e0 Narbonne \/ FRANCE<br \/>\nT\u00e9l\u00e9phone : 0975 22 95 27 \u2013 06 22 70 34 79\n<p>email : <a href=\"mailto:info@gites-vignerons.com\">info@gites-vignerons.com<\/a><\/p>\n<h4><\/h4>\n<h4>INFORMATIONS L\u00c9GALES<\/h4>\n<p>SARL au capital de 30 000 euros \u2013 RCS de Narbonne 481 739\u00a0415 &#8211;\u00a0Code APE 7911Z<\/p>\n<p><strong>Si\u00e8ge social :<\/strong> 19 rue Syrah &#8211; 11440 PEYRAC DE MER &#8211; FRANCE<\/p>\n<p>Immatriculation ATOUT France sous le num\u00e9ro IMO11120014<\/p>\n<strong>SIRET<\/strong> 48173941500026 \u2013 <strong>TVA intracommunautaire<\/strong> FR2848173941500034<br \/>\n<strong>Garant<\/strong> : APS, 15 avenue Carnot 75017 PARIS\n<p><strong>RCP<\/strong> : Allianz<\/p>\nSite h\u00e9berg\u00e9 chez OVH, 140 Quai du Sartel &#8211; 59100 Roubaix &#8211; France.<br \/>\nTel: +33 9 72 10 10 07 | Site web :\u00a0<a href=\"http:\/\/www.ovh.com\" target=\"_blank\" rel=\"noopener noreferrer\">http:\/\/www.ovh.com<\/a>\n<h4><\/h4>\n<h4><strong>Droits d\u2019auteurs :<\/strong><\/h4>\n<p>\u00ab La soci\u00e9t\u00e9 <strong>G\u00ceTES VIGNERONS<\/strong> est titulaire de l&rsquo;int\u00e9gralit\u00e9 des droits d&rsquo;auteur du contenu du site, de ses marques, logos, noms de domaine et tous signes distinctifs aff\u00e9rents sont consid\u00e9r\u00e9s comme des oeuvres de l&rsquo;esprit sur lesquels la soci\u00e9t\u00e9 G\u00ceTES VIGNERONS d\u00e9tient tous droits de propri\u00e9t\u00e9 intellectuelle et commerciale. Conform\u00e9ment aux dispositions du Code de la propri\u00e9t\u00e9 intellectuelle et des trait\u00e9s et accords internationaux, toute reproduction, divulgation, distribution, repr\u00e9sentation, traduction, diffusion, modification, transcription, partielle ou totale, quel que soit le support consid\u00e9r\u00e9 et quel que soit le proc\u00e9d\u00e9 utilis\u00e9 pour un usage autre que celui priv\u00e9 est interdit sans l&rsquo;autorisation pr\u00e9alable et expresse de la soci\u00e9t\u00e9 G\u00ceTES VIGNERONS. Toute contravention aux dispositions du pr\u00e9sent article est constitutive du d\u00e9lit de contrefa\u00e7on et engage \u00e0 ce titre la responsabilit\u00e9 civile et p\u00e9nale de son auteur. La loi n\u00b0 98-536 du 1er juillet 1998 relative aux bases de donn\u00e9es n&rsquo;accorde par ailleurs aucune exception de copie priv\u00e9e \u00bb<\/p>\n<p><strong>Loi informatique et libert\u00e9 :\u00a0(art.26, 34 \u00e0 38 de la loi \u00ab\u00a0Informatique et Libert\u00e9s\u00a0\u00bb n 78-17 du 6 janvier 1978)<\/strong><\/p>\n<p>\u00ab Conform\u00e9ment \u00e0 la loi informatique et libert\u00e9s vous b\u00e9n\u00e9ficiez d&rsquo;un droit d&rsquo;acc\u00e8s et de rectification aux donn\u00e9es vous concernant. Par notre interm\u00e9diaire vous pouvez \u00eatre amen\u00e9s \u00e0 recevoir des propositions d&rsquo;autres soci\u00e9t\u00e9s. Si vous ne souhaitez pas il vous suffit de nous l&rsquo;indiquer en pr\u00e9cisant bien vos nom, pr\u00e9nom, adresse et si possible votre r\u00e9f\u00e9rence client. \u00bb<\/p>\n","protected":false},"excerpt":{"rendered":"<p>MENTIONS L\u00c9GALES G\u00ceTES VIGNERONS est une agence de tourisme r\u00e9ceptif, dont la vocation est d\u2019accueillir les vacanciers \u00e9trangers et fran\u00e7ais Sa sp\u00e9cificit\u00e9 :\u00a0LA LOCATION SAISONNIERE DE G\u00ceTES VIGNERONS &nbsp; G\u00ceTES VIGNERONS est une agence de voyages implant\u00e9e \u00e0 Narbonne \/ FRANCE T\u00e9l\u00e9phone : 0975 22 95 27 \u2013 06 22 70 34 79 email :&hellip;<\/p>\n","protected":false},"author":1,"featured_media":0,"parent":0,"menu_order":0,"comment_status":"closed","ping_status":"closed","template":"","meta":{"footnotes":""},"class_list":["post-73","page","type-page","status-publish","hentry"],"yoast_head":"<!-- This site is optimized with the Yoast SEO plugin v23.5 - https:\/\/yoast.com\/wordpress\/plugins\/seo\/ -->\n<title>Mentions l\u00e9gales - Gites Vignerons<\/title>\n<meta name=\"robots\" content=\"noindex, follow\" \/>\n<meta property=\"og:locale\" content=\"fr_FR\" \/>\n<meta property=\"og:type\" content=\"article\" \/>\n<meta property=\"og:title\" content=\"Mentions l\u00e9gales - Gites Vignerons\" \/>\n<meta property=\"og:description\" content=\"MENTIONS L\u00c9GALES G\u00ceTES VIGNERONS est une agence de tourisme r\u00e9ceptif, dont la vocation est d\u2019accueillir les vacanciers \u00e9trangers et fran\u00e7ais Sa sp\u00e9cificit\u00e9 :\u00a0LA LOCATION SAISONNIERE DE G\u00ceTES VIGNERONS &nbsp; G\u00ceTES VIGNERONS est une agence de voyages implant\u00e9e \u00e0 Narbonne \/ FRANCE T\u00e9l\u00e9phone : 0975 22 95 27 \u2013 06 22 70 34 79 email :&hellip;\" \/>\n<meta property=\"og:url\" content=\"https:\/\/gites-vignerons.com\/fr\/mentions-legales\/\" \/>\n<meta property=\"og:site_name\" content=\"Gites Vignerons\" \/>\n<meta property=\"article:modified_time\" content=\"2022-01-27T10:43:41+00:00\" \/>\n<meta name=\"twitter:card\" content=\"summary_large_image\" \/>\n<meta name=\"twitter:label1\" content=\"Dur\u00e9e de lecture estim\u00e9e\" \/>\n\t<meta name=\"twitter:data1\" content=\"2 minutes\" \/>\n<script type=\"application\/ld+json\" class=\"yoast-schema-graph\">{\"@context\":\"https:\/\/schema.org\",\"@graph\":[{\"@type\":\"WebPage\",\"@id\":\"https:\/\/gites-vignerons.com\/fr\/mentions-legales\/\",\"url\":\"https:\/\/gites-vignerons.com\/fr\/mentions-legales\/\",\"name\":\"Mentions l\u00e9gales - Gites Vignerons\",\"isPartOf\":{\"@id\":\"https:\/\/gites-vignerons.com\/fr\/#website\"},\"datePublished\":\"2017-04-20T16:02:41+00:00\",\"dateModified\":\"2022-01-27T10:43:41+00:00\",\"breadcrumb\":{\"@id\":\"https:\/\/gites-vignerons.com\/fr\/mentions-legales\/#breadcrumb\"},\"inLanguage\":\"fr-FR\",\"potentialAction\":[{\"@type\":\"ReadAction\",\"target\":[\"https:\/\/gites-vignerons.com\/fr\/mentions-legales\/\"]}]},{\"@type\":\"BreadcrumbList\",\"@id\":\"https:\/\/gites-vignerons.com\/fr\/mentions-legales\/#breadcrumb\",\"itemListElement\":[{\"@type\":\"ListItem\",\"position\":1,\"name\":\"Accueil\",\"item\":\"https:\/\/gites-vignerons.com\/fr\/\"},{\"@type\":\"ListItem\",\"position\":2,\"name\":\"Mentions l\u00e9gales\"}]},{\"@type\":\"WebSite\",\"@id\":\"https:\/\/gites-vignerons.com\/fr\/#website\",\"url\":\"https:\/\/gites-vignerons.com\/fr\/\",\"name\":\"Gites Vignerons\",\"description\":\"Locations de g\u00eetes avec piscine dans vignoble en Occitanie - Sud de la France\",\"publisher\":{\"@id\":\"https:\/\/gites-vignerons.com\/fr\/#organization\"},\"potentialAction\":[{\"@type\":\"SearchAction\",\"target\":{\"@type\":\"EntryPoint\",\"urlTemplate\":\"https:\/\/gites-vignerons.com\/fr\/?s={search_term_string}\"},\"query-input\":{\"@type\":\"PropertyValueSpecification\",\"valueRequired\":true,\"valueName\":\"search_term_string\"}}],\"inLanguage\":\"fr-FR\"},{\"@type\":\"Organization\",\"@id\":\"https:\/\/gites-vignerons.com\/fr\/#organization\",\"name\":\"G\u00eetes Vignerons - location dans le Sud de la France\",\"url\":\"https:\/\/gites-vignerons.com\/fr\/\",\"logo\":{\"@type\":\"ImageObject\",\"inLanguage\":\"fr-FR\",\"@id\":\"https:\/\/gites-vignerons.com\/fr\/#\/schema\/logo\/image\/\",\"url\":\"https:\/\/gites-vignerons.com\/wp-content\/uploads\/2017\/04\/logo-small.png\",\"contentUrl\":\"https:\/\/gites-vignerons.com\/wp-content\/uploads\/2017\/04\/logo-small.png\",\"width\":120,\"height\":157,\"caption\":\"G\u00eetes Vignerons - location dans le Sud de la France\"},\"image\":{\"@id\":\"https:\/\/gites-vignerons.com\/fr\/#\/schema\/logo\/image\/\"}}]}<\/script>\n<!-- \/ Yoast SEO plugin. -->","yoast_head_json":{"title":"Mentions l\u00e9gales - Gites Vignerons","robots":{"index":"noindex","follow":"follow"},"og_locale":"fr_FR","og_type":"article","og_title":"Mentions l\u00e9gales - Gites Vignerons","og_description":"MENTIONS L\u00c9GALES G\u00ceTES VIGNERONS est une agence de tourisme r\u00e9ceptif, dont la vocation est d\u2019accueillir les vacanciers \u00e9trangers et fran\u00e7ais Sa sp\u00e9cificit\u00e9 :\u00a0LA LOCATION SAISONNIERE DE G\u00ceTES VIGNERONS &nbsp; G\u00ceTES VIGNERONS est une agence de voyages implant\u00e9e \u00e0 Narbonne \/ FRANCE T\u00e9l\u00e9phone : 0975 22 95 27 \u2013 06 22 70 34 79 email :&hellip;","og_url":"https:\/\/gites-vignerons.com\/fr\/mentions-legales\/","og_site_name":"Gites Vignerons","article_modified_time":"2022-01-27T10:43:41+00:00","twitter_card":"summary_large_image","twitter_misc":{"Dur\u00e9e de lecture estim\u00e9e":"2 minutes"},"schema":{"@context":"https:\/\/schema.org","@graph":[{"@type":"WebPage","@id":"https:\/\/gites-vignerons.com\/fr\/mentions-legales\/","url":"https:\/\/gites-vignerons.com\/fr\/mentions-legales\/","name":"Mentions l\u00e9gales - Gites Vignerons","isPartOf":{"@id":"https:\/\/gites-vignerons.com\/fr\/#website"},"datePublished":"2017-04-20T16:02:41+00:00","dateModified":"2022-01-27T10:43:41+00:00","breadcrumb":{"@id":"https:\/\/gites-vignerons.com\/fr\/mentions-legales\/#breadcrumb"},"inLanguage":"fr-FR","potentialAction":[{"@type":"ReadAction","target":["https:\/\/gites-vignerons.com\/fr\/mentions-legales\/"]}]},{"@type":"BreadcrumbList","@id":"https:\/\/gites-vignerons.com\/fr\/mentions-legales\/#breadcrumb","itemListElement":[{"@type":"ListItem","position":1,"name":"Accueil","item":"https:\/\/gites-vignerons.com\/fr\/"},{"@type":"ListItem","position":2,"name":"Mentions l\u00e9gales"}]},{"@type":"WebSite","@id":"https:\/\/gites-vignerons.com\/fr\/#website","url":"https:\/\/gites-vignerons.com\/fr\/","name":"Gites Vignerons","description":"Locations de g\u00eetes avec piscine dans vignoble en Occitanie - Sud de la France","publisher":{"@id":"https:\/\/gites-vignerons.com\/fr\/#organization"},"potentialAction":[{"@type":"SearchAction","target":{"@type":"EntryPoint","urlTemplate":"https:\/\/gites-vignerons.com\/fr\/?s={search_term_string}"},"query-input":{"@type":"PropertyValueSpecification","valueRequired":true,"valueName":"search_term_string"}}],"inLanguage":"fr-FR"},{"@type":"Organization","@id":"https:\/\/gites-vignerons.com\/fr\/#organization","name":"G\u00eetes Vignerons - location dans le Sud de la France","url":"https:\/\/gites-vignerons.com\/fr\/","logo":{"@type":"ImageObject","inLanguage":"fr-FR","@id":"https:\/\/gites-vignerons.com\/fr\/#\/schema\/logo\/image\/","url":"https:\/\/gites-vignerons.com\/wp-content\/uploads\/2017\/04\/logo-small.png","contentUrl":"https:\/\/gites-vignerons.com\/wp-content\/uploads\/2017\/04\/logo-small.png","width":120,"height":157,"caption":"G\u00eetes Vignerons - location dans le Sud de la France"},"image":{"@id":"https:\/\/gites-vignerons.com\/fr\/#\/schema\/logo\/image\/"}}]}},"_links":{"self":[{"href":"https:\/\/gites-vignerons.com\/fr\/wp-json\/wp\/v2\/pages\/73"}],"collection":[{"href":"https:\/\/gites-vignerons.com\/fr\/wp-json\/wp\/v2\/pages"}],"about":[{"href":"https:\/\/gites-vignerons.com\/fr\/wp-json\/wp\/v2\/types\/page"}],"author":[{"embeddable":true,"href":"https:\/\/gites-vignerons.com\/fr\/wp-json\/wp\/v2\/users\/1"}],"replies":[{"embeddable":true,"href":"https:\/\/gites-vignerons.com\/fr\/wp-json\/wp\/v2\/comments?post=73"}],"version-history":[{"count":9,"href":"https:\/\/gites-vignerons.com\/fr\/wp-json\/wp\/v2\/pages\/73\/revisions"}],"predecessor-version":[{"id":606,"href":"https:\/\/gites-vignerons.com\/fr\/wp-json\/wp\/v2\/pages\/73\/revisions\/606"}],"wp:attachment":[{"href":"https:\/\/gites-vignerons.com\/fr\/wp-json\/wp\/v2\/media?parent=73"}],"curies":[{"name":"wp","href":"https:\/\/api.w.org\/{rel}","templated":true}]}}