{"id":72,"date":"2017-04-20T18:02:34","date_gmt":"2017-04-20T16:02:34","guid":{"rendered":"http:\/\/gites-vignerons.com\/?page_id=72"},"modified":"2022-01-27T11:47:21","modified_gmt":"2022-01-27T10:47:21","slug":"moyens-de-paiement","status":"publish","type":"page","link":"https:\/\/gites-vignerons.com\/fr\/moyens-de-paiement\/","title":{"rendered":"Moyens de paiement"},"content":{"rendered":"<h1>\n\t\tMOYENS DE PAIEMENT\n\t<\/h1>\n\t<p><strong>Cartes bancaires<\/strong><\/p>\n<p><img loading=\"lazy\" decoding=\"async\" src=\"http:\/\/gites-vignerons.com\/wp-content\/uploads\/2017\/04\/logos-cb.png\" alt=\"\" width=\"155\" height=\"50\" \/><\/p>\nLes cartes bleues accept\u00e9es sont VISA ou EUROCARD MASTERCARD.<br \/>\nNous regrettons de ne pouvoir accepter le paiement par carte American Express.\n<p>Le paiement est s\u00e9curis\u00e9 via la plateforme crypt\u00e9e du Cr\u00e9dit Agricole.<\/p>\n<p>&nbsp;<\/p>\n<p><strong>Ch\u00e8ques bancaires<\/strong><\/p>\n<p><em>Pour les clients fran\u00e7ais uniquement et r\u00e9ceptionn\u00e9 au plus tard 35 jours avant l\u2019arriv\u00e9e<\/em>\u00a0.<\/p>\nVotre ch\u00e8que doit provenir d&rsquo;un \u00e9tablissement bancaire situ\u00e9 sur le territoire fran\u00e7ais.<br \/>\nIl doit \u00eatre libell\u00e9 \u00e0 l&rsquo;ordre de \u00ab\u00a0G\u00ceTES VIGNERONS\u00a0\u00bb et envoy\u00e9 \u00e0 l&rsquo;adresse suivante :\nG\u00ceTES VIGNERONS<br \/>\n19 rue Syrah\n<p>11440 PEYRAC DE MER<\/p>\n<p>&nbsp;<\/p>\n<p><strong>Virement bancaire<\/strong><\/p>\n<p>Nous acceptons les r\u00e8glements par virement bancaire :\u00a0Les frais bancaires doivent \u00eatre pris en charge par l&rsquo;\u00e9metteur du virement.<\/p>\n<p>&nbsp;<\/p>\n<p><strong>Mandat Cash<\/strong><\/p>\n<p>Merci de bien vouloir nous contacter par t\u00e9l\u00e9phone au 06 22 70 34 79 pour avertissement.<\/p>\n","protected":false},"excerpt":{"rendered":"<p>MOYENS DE PAIEMENT Cartes bancaires Les cartes bleues accept\u00e9es sont VISA ou EUROCARD MASTERCARD. Nous regrettons de ne pouvoir accepter le paiement par carte American Express. Le paiement est s\u00e9curis\u00e9 via la plateforme crypt\u00e9e du Cr\u00e9dit Agricole. &nbsp; Ch\u00e8ques bancaires Pour les clients fran\u00e7ais uniquement et r\u00e9ceptionn\u00e9 au plus tard 35 jours avant l\u2019arriv\u00e9e\u00a0. Votre&hellip;<\/p>\n","protected":false},"author":1,"featured_media":0,"parent":0,"menu_order":0,"comment_status":"closed","ping_status":"closed","template":"","meta":{"footnotes":""},"class_list":["post-72","page","type-page","status-publish","hentry"],"yoast_head":"<!-- This site is optimized with the Yoast SEO plugin v23.5 - https:\/\/yoast.com\/wordpress\/plugins\/seo\/ -->\n<title>Moyens de paiement - Gites Vignerons<\/title>\n<meta name=\"robots\" content=\"index, follow, max-snippet:-1, max-image-preview:large, max-video-preview:-1\" \/>\n<link rel=\"canonical\" href=\"https:\/\/gites-vignerons.com\/fr\/moyens-de-paiement\/\" \/>\n<meta property=\"og:locale\" content=\"fr_FR\" \/>\n<meta property=\"og:type\" content=\"article\" \/>\n<meta property=\"og:title\" content=\"Moyens de paiement - Gites Vignerons\" \/>\n<meta property=\"og:description\" content=\"MOYENS DE PAIEMENT Cartes bancaires Les cartes bleues accept\u00e9es sont VISA ou EUROCARD MASTERCARD. Nous regrettons de ne pouvoir accepter le paiement par carte American Express. Le paiement est s\u00e9curis\u00e9 via la plateforme crypt\u00e9e du Cr\u00e9dit Agricole. &nbsp; Ch\u00e8ques bancaires Pour les clients fran\u00e7ais uniquement et r\u00e9ceptionn\u00e9 au plus tard 35 jours avant l\u2019arriv\u00e9e\u00a0. Votre&hellip;\" \/>\n<meta property=\"og:url\" content=\"https:\/\/gites-vignerons.com\/fr\/moyens-de-paiement\/\" \/>\n<meta property=\"og:site_name\" content=\"Gites Vignerons\" \/>\n<meta property=\"article:modified_time\" content=\"2022-01-27T10:47:21+00:00\" \/>\n<meta property=\"og:image\" content=\"http:\/\/gites-vignerons.com\/wp-content\/uploads\/2017\/04\/logos-cb.png\" \/>\n<meta name=\"twitter:card\" content=\"summary_large_image\" \/>\n<meta name=\"twitter:label1\" content=\"Dur\u00e9e de lecture estim\u00e9e\" \/>\n\t<meta name=\"twitter:data1\" content=\"1 minute\" \/>\n<script type=\"application\/ld+json\" class=\"yoast-schema-graph\">{\"@context\":\"https:\/\/schema.org\",\"@graph\":[{\"@type\":\"WebPage\",\"@id\":\"https:\/\/gites-vignerons.com\/fr\/moyens-de-paiement\/\",\"url\":\"https:\/\/gites-vignerons.com\/fr\/moyens-de-paiement\/\",\"name\":\"Moyens de paiement - Gites Vignerons\",\"isPartOf\":{\"@id\":\"https:\/\/gites-vignerons.com\/fr\/#website\"},\"primaryImageOfPage\":{\"@id\":\"https:\/\/gites-vignerons.com\/fr\/moyens-de-paiement\/#primaryimage\"},\"image\":{\"@id\":\"https:\/\/gites-vignerons.com\/fr\/moyens-de-paiement\/#primaryimage\"},\"thumbnailUrl\":\"http:\/\/gites-vignerons.com\/wp-content\/uploads\/2017\/04\/logos-cb.png\",\"datePublished\":\"2017-04-20T16:02:34+00:00\",\"dateModified\":\"2022-01-27T10:47:21+00:00\",\"breadcrumb\":{\"@id\":\"https:\/\/gites-vignerons.com\/fr\/moyens-de-paiement\/#breadcrumb\"},\"inLanguage\":\"fr-FR\",\"potentialAction\":[{\"@type\":\"ReadAction\",\"target\":[\"https:\/\/gites-vignerons.com\/fr\/moyens-de-paiement\/\"]}]},{\"@type\":\"ImageObject\",\"inLanguage\":\"fr-FR\",\"@id\":\"https:\/\/gites-vignerons.com\/fr\/moyens-de-paiement\/#primaryimage\",\"url\":\"http:\/\/gites-vignerons.com\/wp-content\/uploads\/2017\/04\/logos-cb.png\",\"contentUrl\":\"http:\/\/gites-vignerons.com\/wp-content\/uploads\/2017\/04\/logos-cb.png\"},{\"@type\":\"BreadcrumbList\",\"@id\":\"https:\/\/gites-vignerons.com\/fr\/moyens-de-paiement\/#breadcrumb\",\"itemListElement\":[{\"@type\":\"ListItem\",\"position\":1,\"name\":\"Accueil\",\"item\":\"https:\/\/gites-vignerons.com\/fr\/\"},{\"@type\":\"ListItem\",\"position\":2,\"name\":\"Moyens de paiement\"}]},{\"@type\":\"WebSite\",\"@id\":\"https:\/\/gites-vignerons.com\/fr\/#website\",\"url\":\"https:\/\/gites-vignerons.com\/fr\/\",\"name\":\"Gites Vignerons\",\"description\":\"Locations de g\u00eetes avec piscine dans vignoble en Occitanie - Sud de la France\",\"publisher\":{\"@id\":\"https:\/\/gites-vignerons.com\/fr\/#organization\"},\"potentialAction\":[{\"@type\":\"SearchAction\",\"target\":{\"@type\":\"EntryPoint\",\"urlTemplate\":\"https:\/\/gites-vignerons.com\/fr\/?s={search_term_string}\"},\"query-input\":{\"@type\":\"PropertyValueSpecification\",\"valueRequired\":true,\"valueName\":\"search_term_string\"}}],\"inLanguage\":\"fr-FR\"},{\"@type\":\"Organization\",\"@id\":\"https:\/\/gites-vignerons.com\/fr\/#organization\",\"name\":\"G\u00eetes Vignerons - location dans le Sud de la France\",\"url\":\"https:\/\/gites-vignerons.com\/fr\/\",\"logo\":{\"@type\":\"ImageObject\",\"inLanguage\":\"fr-FR\",\"@id\":\"https:\/\/gites-vignerons.com\/fr\/#\/schema\/logo\/image\/\",\"url\":\"https:\/\/gites-vignerons.com\/wp-content\/uploads\/2017\/04\/logo-small.png\",\"contentUrl\":\"https:\/\/gites-vignerons.com\/wp-content\/uploads\/2017\/04\/logo-small.png\",\"width\":120,\"height\":157,\"caption\":\"G\u00eetes Vignerons - location dans le Sud de la France\"},\"image\":{\"@id\":\"https:\/\/gites-vignerons.com\/fr\/#\/schema\/logo\/image\/\"}}]}<\/script>\n<!-- \/ Yoast SEO plugin. -->","yoast_head_json":{"title":"Moyens de paiement - Gites Vignerons","robots":{"index":"index","follow":"follow","max-snippet":"max-snippet:-1","max-image-preview":"max-image-preview:large","max-video-preview":"max-video-preview:-1"},"canonical":"https:\/\/gites-vignerons.com\/fr\/moyens-de-paiement\/","og_locale":"fr_FR","og_type":"article","og_title":"Moyens de paiement - Gites Vignerons","og_description":"MOYENS DE PAIEMENT Cartes bancaires Les cartes bleues accept\u00e9es sont VISA ou EUROCARD MASTERCARD. Nous regrettons de ne pouvoir accepter le paiement par carte American Express. Le paiement est s\u00e9curis\u00e9 via la plateforme crypt\u00e9e du Cr\u00e9dit Agricole. &nbsp; Ch\u00e8ques bancaires Pour les clients fran\u00e7ais uniquement et r\u00e9ceptionn\u00e9 au plus tard 35 jours avant l\u2019arriv\u00e9e\u00a0. Votre&hellip;","og_url":"https:\/\/gites-vignerons.com\/fr\/moyens-de-paiement\/","og_site_name":"Gites Vignerons","article_modified_time":"2022-01-27T10:47:21+00:00","og_image":[{"url":"http:\/\/gites-vignerons.com\/wp-content\/uploads\/2017\/04\/logos-cb.png"}],"twitter_card":"summary_large_image","twitter_misc":{"Dur\u00e9e de lecture estim\u00e9e":"1 minute"},"schema":{"@context":"https:\/\/schema.org","@graph":[{"@type":"WebPage","@id":"https:\/\/gites-vignerons.com\/fr\/moyens-de-paiement\/","url":"https:\/\/gites-vignerons.com\/fr\/moyens-de-paiement\/","name":"Moyens de paiement - Gites Vignerons","isPartOf":{"@id":"https:\/\/gites-vignerons.com\/fr\/#website"},"primaryImageOfPage":{"@id":"https:\/\/gites-vignerons.com\/fr\/moyens-de-paiement\/#primaryimage"},"image":{"@id":"https:\/\/gites-vignerons.com\/fr\/moyens-de-paiement\/#primaryimage"},"thumbnailUrl":"http:\/\/gites-vignerons.com\/wp-content\/uploads\/2017\/04\/logos-cb.png","datePublished":"2017-04-20T16:02:34+00:00","dateModified":"2022-01-27T10:47:21+00:00","breadcrumb":{"@id":"https:\/\/gites-vignerons.com\/fr\/moyens-de-paiement\/#breadcrumb"},"inLanguage":"fr-FR","potentialAction":[{"@type":"ReadAction","target":["https:\/\/gites-vignerons.com\/fr\/moyens-de-paiement\/"]}]},{"@type":"ImageObject","inLanguage":"fr-FR","@id":"https:\/\/gites-vignerons.com\/fr\/moyens-de-paiement\/#primaryimage","url":"http:\/\/gites-vignerons.com\/wp-content\/uploads\/2017\/04\/logos-cb.png","contentUrl":"http:\/\/gites-vignerons.com\/wp-content\/uploads\/2017\/04\/logos-cb.png"},{"@type":"BreadcrumbList","@id":"https:\/\/gites-vignerons.com\/fr\/moyens-de-paiement\/#breadcrumb","itemListElement":[{"@type":"ListItem","position":1,"name":"Accueil","item":"https:\/\/gites-vignerons.com\/fr\/"},{"@type":"ListItem","position":2,"name":"Moyens de paiement"}]},{"@type":"WebSite","@id":"https:\/\/gites-vignerons.com\/fr\/#website","url":"https:\/\/gites-vignerons.com\/fr\/","name":"Gites Vignerons","description":"Locations de g\u00eetes avec piscine dans vignoble en Occitanie - Sud de la France","publisher":{"@id":"https:\/\/gites-vignerons.com\/fr\/#organization"},"potentialAction":[{"@type":"SearchAction","target":{"@type":"EntryPoint","urlTemplate":"https:\/\/gites-vignerons.com\/fr\/?s={search_term_string}"},"query-input":{"@type":"PropertyValueSpecification","valueRequired":true,"valueName":"search_term_string"}}],"inLanguage":"fr-FR"},{"@type":"Organization","@id":"https:\/\/gites-vignerons.com\/fr\/#organization","name":"G\u00eetes Vignerons - location dans le Sud de la France","url":"https:\/\/gites-vignerons.com\/fr\/","logo":{"@type":"ImageObject","inLanguage":"fr-FR","@id":"https:\/\/gites-vignerons.com\/fr\/#\/schema\/logo\/image\/","url":"https:\/\/gites-vignerons.com\/wp-content\/uploads\/2017\/04\/logo-small.png","contentUrl":"https:\/\/gites-vignerons.com\/wp-content\/uploads\/2017\/04\/logo-small.png","width":120,"height":157,"caption":"G\u00eetes Vignerons - location dans le Sud de la France"},"image":{"@id":"https:\/\/gites-vignerons.com\/fr\/#\/schema\/logo\/image\/"}}]}},"_links":{"self":[{"href":"https:\/\/gites-vignerons.com\/fr\/wp-json\/wp\/v2\/pages\/72"}],"collection":[{"href":"https:\/\/gites-vignerons.com\/fr\/wp-json\/wp\/v2\/pages"}],"about":[{"href":"https:\/\/gites-vignerons.com\/fr\/wp-json\/wp\/v2\/types\/page"}],"author":[{"embeddable":true,"href":"https:\/\/gites-vignerons.com\/fr\/wp-json\/wp\/v2\/users\/1"}],"replies":[{"embeddable":true,"href":"https:\/\/gites-vignerons.com\/fr\/wp-json\/wp\/v2\/comments?post=72"}],"version-history":[{"count":7,"href":"https:\/\/gites-vignerons.com\/fr\/wp-json\/wp\/v2\/pages\/72\/revisions"}],"predecessor-version":[{"id":609,"href":"https:\/\/gites-vignerons.com\/fr\/wp-json\/wp\/v2\/pages\/72\/revisions\/609"}],"wp:attachment":[{"href":"https:\/\/gites-vignerons.com\/fr\/wp-json\/wp\/v2\/media?parent=72"}],"curies":[{"name":"wp","href":"https:\/\/api.w.org\/{rel}","templated":true}]}}