{"id":70,"date":"2017-04-20T18:02:16","date_gmt":"2017-04-20T16:02:16","guid":{"rendered":"http:\/\/gites-vignerons.com\/?page_id=70"},"modified":"2017-06-01T15:56:18","modified_gmt":"2017-06-01T13:56:18","slug":"qui-sommes-nous","status":"publish","type":"page","link":"https:\/\/gites-vignerons.com\/fr\/qui-sommes-nous\/","title":{"rendered":"Qui sommes-nous"},"content":{"rendered":"<h1>\n\t\tQUI SOMMES-NOUS ?<br \/>\n\t<\/h1>\n<p><strong>UNE AGENCE DE VOYAGES\u00a0<\/strong><\/p>\n<p>Parce qu\u2019il s\u2019ag\u00eet de loisirs, de vacances, de d\u00e9couvertes, de farniente, de repos, de moments de convivialit\u00e9 entre amis ou en famille. Pas simplement d\u2019immobilier ou d\u2019h\u00e9bergement\u00a0!<\/p>\n<p>&nbsp;<\/p>\n<p><strong>NOUS SOMMES ICI, SUR PLACE, INSTALLES \u00e0 NARBONNE.<\/strong><\/p>\n<p>Nous connaissons la destination, toutes les maisons propos\u00e9es \u00e0 la location et tous les propri\u00e9taires qui vous accueilleront. Parce ce que nous vous recevons chez nous.<\/p>\n<p>&nbsp;<\/p>\n<p><strong>DEPUIS 2005, SPECIALISTE DE L\u2019OCCITANIE EXCLUSIVEMENT.<\/strong><\/p>\n<p>Nous avons fait le choix de ne pas nous disperser ou de nous \u00e9taler sur un espace trop grand pour pouvoir le maitriser mieux et ainsi visiter les maisons plus r\u00e9guli\u00e8rement.<\/p>\n<p>\t\t\t\t<img decoding=\"async\" src=\"http:\/\/gites-vignerons.com\/wp-content\/uploads\/2017\/04\/jean-louis-eudes.jpg\" alt=\"jean-louis-eudes\" itemprop=\"image\"  \/><\/p>\n<p>Jean Louis, qui apr\u00e8s avoir pass\u00e9 5 ans autour du monde, a travaill\u00e9 pour Rev\u2019Vacances, tour op\u00e9rator multi-destinations puis, pour Asia, sp\u00e9cialiste du voyage sur-mesure en Asie et enfin directeur achat pour la grande distribution voyages.<\/p>\n<p>\t\t\t\t<img decoding=\"async\" src=\"http:\/\/gites-vignerons.com\/wp-content\/uploads\/2017\/04\/murielle-barthelemy.jpg\" alt=\"murielle-barthelemy\" itemprop=\"image\"  \/><\/p>\n<p>Murielle, tour \u00e0 tour, accompagnatrice de croisi\u00e8re, agent de voyages chez Saint Barth Voyages, puis sp\u00e9cialiste Am\u00e9rique de Sud et enfin chef d\u2019agence sp\u00e9cialiste en voyages de noces aux\u00a0Chemins du Monde \u00e0 Paris<\/p>\n","protected":false},"excerpt":{"rendered":"<p>QUI SOMMES-NOUS ? UNE AGENCE DE VOYAGES\u00a0 Parce qu\u2019il s\u2019ag\u00eet de loisirs, de vacances, de d\u00e9couvertes, de farniente, de repos, de moments de convivialit\u00e9 entre amis ou en famille. Pas simplement d\u2019immobilier ou d\u2019h\u00e9bergement\u00a0! &nbsp; NOUS SOMMES ICI, SUR PLACE, INSTALLES \u00e0 NARBONNE. Nous connaissons la destination, toutes les maisons propos\u00e9es \u00e0 la location et&hellip;<\/p>\n","protected":false},"author":1,"featured_media":0,"parent":0,"menu_order":0,"comment_status":"closed","ping_status":"closed","template":"","meta":{"footnotes":""},"class_list":["post-70","page","type-page","status-publish","hentry"],"yoast_head":"<!-- This site is optimized with the Yoast SEO plugin v23.5 - https:\/\/yoast.com\/wordpress\/plugins\/seo\/ -->\n<title>Qui sommes-nous - Gites Vignerons<\/title>\n<meta name=\"robots\" content=\"index, follow, max-snippet:-1, max-image-preview:large, max-video-preview:-1\" \/>\n<link rel=\"canonical\" href=\"https:\/\/gites-vignerons.com\/fr\/qui-sommes-nous\/\" \/>\n<meta property=\"og:locale\" content=\"fr_FR\" \/>\n<meta property=\"og:type\" content=\"article\" \/>\n<meta property=\"og:title\" content=\"Qui sommes-nous - Gites Vignerons\" \/>\n<meta property=\"og:description\" content=\"QUI SOMMES-NOUS ? UNE AGENCE DE VOYAGES\u00a0 Parce qu\u2019il s\u2019ag\u00eet de loisirs, de vacances, de d\u00e9couvertes, de farniente, de repos, de moments de convivialit\u00e9 entre amis ou en famille. Pas simplement d\u2019immobilier ou d\u2019h\u00e9bergement\u00a0! &nbsp; NOUS SOMMES ICI, SUR PLACE, INSTALLES \u00e0 NARBONNE. Nous connaissons la destination, toutes les maisons propos\u00e9es \u00e0 la location et&hellip;\" \/>\n<meta property=\"og:url\" content=\"https:\/\/gites-vignerons.com\/fr\/qui-sommes-nous\/\" \/>\n<meta property=\"og:site_name\" content=\"Gites Vignerons\" \/>\n<meta property=\"article:modified_time\" content=\"2017-06-01T13:56:18+00:00\" \/>\n<meta property=\"og:image\" content=\"http:\/\/gites-vignerons.com\/wp-content\/uploads\/2017\/04\/jean-louis-eudes.jpg\" \/>\n<meta name=\"twitter:card\" content=\"summary_large_image\" \/>\n<meta name=\"twitter:label1\" content=\"Dur\u00e9e de lecture estim\u00e9e\" \/>\n\t<meta name=\"twitter:data1\" content=\"1 minute\" \/>\n<script type=\"application\/ld+json\" class=\"yoast-schema-graph\">{\"@context\":\"https:\/\/schema.org\",\"@graph\":[{\"@type\":\"WebPage\",\"@id\":\"https:\/\/gites-vignerons.com\/fr\/qui-sommes-nous\/\",\"url\":\"https:\/\/gites-vignerons.com\/fr\/qui-sommes-nous\/\",\"name\":\"Qui sommes-nous - Gites Vignerons\",\"isPartOf\":{\"@id\":\"https:\/\/gites-vignerons.com\/fr\/#website\"},\"primaryImageOfPage\":{\"@id\":\"https:\/\/gites-vignerons.com\/fr\/qui-sommes-nous\/#primaryimage\"},\"image\":{\"@id\":\"https:\/\/gites-vignerons.com\/fr\/qui-sommes-nous\/#primaryimage\"},\"thumbnailUrl\":\"http:\/\/gites-vignerons.com\/wp-content\/uploads\/2017\/04\/jean-louis-eudes.jpg\",\"datePublished\":\"2017-04-20T16:02:16+00:00\",\"dateModified\":\"2017-06-01T13:56:18+00:00\",\"breadcrumb\":{\"@id\":\"https:\/\/gites-vignerons.com\/fr\/qui-sommes-nous\/#breadcrumb\"},\"inLanguage\":\"fr-FR\",\"potentialAction\":[{\"@type\":\"ReadAction\",\"target\":[\"https:\/\/gites-vignerons.com\/fr\/qui-sommes-nous\/\"]}]},{\"@type\":\"ImageObject\",\"inLanguage\":\"fr-FR\",\"@id\":\"https:\/\/gites-vignerons.com\/fr\/qui-sommes-nous\/#primaryimage\",\"url\":\"http:\/\/gites-vignerons.com\/wp-content\/uploads\/2017\/04\/jean-louis-eudes.jpg\",\"contentUrl\":\"http:\/\/gites-vignerons.com\/wp-content\/uploads\/2017\/04\/jean-louis-eudes.jpg\"},{\"@type\":\"BreadcrumbList\",\"@id\":\"https:\/\/gites-vignerons.com\/fr\/qui-sommes-nous\/#breadcrumb\",\"itemListElement\":[{\"@type\":\"ListItem\",\"position\":1,\"name\":\"Accueil\",\"item\":\"https:\/\/gites-vignerons.com\/fr\/\"},{\"@type\":\"ListItem\",\"position\":2,\"name\":\"Qui sommes-nous\"}]},{\"@type\":\"WebSite\",\"@id\":\"https:\/\/gites-vignerons.com\/fr\/#website\",\"url\":\"https:\/\/gites-vignerons.com\/fr\/\",\"name\":\"Gites Vignerons\",\"description\":\"Locations de g\u00eetes avec piscine dans vignoble en Occitanie - Sud de la France\",\"publisher\":{\"@id\":\"https:\/\/gites-vignerons.com\/fr\/#organization\"},\"potentialAction\":[{\"@type\":\"SearchAction\",\"target\":{\"@type\":\"EntryPoint\",\"urlTemplate\":\"https:\/\/gites-vignerons.com\/fr\/?s={search_term_string}\"},\"query-input\":{\"@type\":\"PropertyValueSpecification\",\"valueRequired\":true,\"valueName\":\"search_term_string\"}}],\"inLanguage\":\"fr-FR\"},{\"@type\":\"Organization\",\"@id\":\"https:\/\/gites-vignerons.com\/fr\/#organization\",\"name\":\"G\u00eetes Vignerons - location dans le Sud de la France\",\"url\":\"https:\/\/gites-vignerons.com\/fr\/\",\"logo\":{\"@type\":\"ImageObject\",\"inLanguage\":\"fr-FR\",\"@id\":\"https:\/\/gites-vignerons.com\/fr\/#\/schema\/logo\/image\/\",\"url\":\"https:\/\/gites-vignerons.com\/wp-content\/uploads\/2017\/04\/logo-small.png\",\"contentUrl\":\"https:\/\/gites-vignerons.com\/wp-content\/uploads\/2017\/04\/logo-small.png\",\"width\":120,\"height\":157,\"caption\":\"G\u00eetes Vignerons - location dans le Sud de la France\"},\"image\":{\"@id\":\"https:\/\/gites-vignerons.com\/fr\/#\/schema\/logo\/image\/\"}}]}<\/script>\n<!-- \/ Yoast SEO plugin. -->","yoast_head_json":{"title":"Qui sommes-nous - Gites Vignerons","robots":{"index":"index","follow":"follow","max-snippet":"max-snippet:-1","max-image-preview":"max-image-preview:large","max-video-preview":"max-video-preview:-1"},"canonical":"https:\/\/gites-vignerons.com\/fr\/qui-sommes-nous\/","og_locale":"fr_FR","og_type":"article","og_title":"Qui sommes-nous - Gites Vignerons","og_description":"QUI SOMMES-NOUS ? UNE AGENCE DE VOYAGES\u00a0 Parce qu\u2019il s\u2019ag\u00eet de loisirs, de vacances, de d\u00e9couvertes, de farniente, de repos, de moments de convivialit\u00e9 entre amis ou en famille. Pas simplement d\u2019immobilier ou d\u2019h\u00e9bergement\u00a0! &nbsp; NOUS SOMMES ICI, SUR PLACE, INSTALLES \u00e0 NARBONNE. Nous connaissons la destination, toutes les maisons propos\u00e9es \u00e0 la location et&hellip;","og_url":"https:\/\/gites-vignerons.com\/fr\/qui-sommes-nous\/","og_site_name":"Gites Vignerons","article_modified_time":"2017-06-01T13:56:18+00:00","og_image":[{"url":"http:\/\/gites-vignerons.com\/wp-content\/uploads\/2017\/04\/jean-louis-eudes.jpg"}],"twitter_card":"summary_large_image","twitter_misc":{"Dur\u00e9e de lecture estim\u00e9e":"1 minute"},"schema":{"@context":"https:\/\/schema.org","@graph":[{"@type":"WebPage","@id":"https:\/\/gites-vignerons.com\/fr\/qui-sommes-nous\/","url":"https:\/\/gites-vignerons.com\/fr\/qui-sommes-nous\/","name":"Qui sommes-nous - Gites Vignerons","isPartOf":{"@id":"https:\/\/gites-vignerons.com\/fr\/#website"},"primaryImageOfPage":{"@id":"https:\/\/gites-vignerons.com\/fr\/qui-sommes-nous\/#primaryimage"},"image":{"@id":"https:\/\/gites-vignerons.com\/fr\/qui-sommes-nous\/#primaryimage"},"thumbnailUrl":"http:\/\/gites-vignerons.com\/wp-content\/uploads\/2017\/04\/jean-louis-eudes.jpg","datePublished":"2017-04-20T16:02:16+00:00","dateModified":"2017-06-01T13:56:18+00:00","breadcrumb":{"@id":"https:\/\/gites-vignerons.com\/fr\/qui-sommes-nous\/#breadcrumb"},"inLanguage":"fr-FR","potentialAction":[{"@type":"ReadAction","target":["https:\/\/gites-vignerons.com\/fr\/qui-sommes-nous\/"]}]},{"@type":"ImageObject","inLanguage":"fr-FR","@id":"https:\/\/gites-vignerons.com\/fr\/qui-sommes-nous\/#primaryimage","url":"http:\/\/gites-vignerons.com\/wp-content\/uploads\/2017\/04\/jean-louis-eudes.jpg","contentUrl":"http:\/\/gites-vignerons.com\/wp-content\/uploads\/2017\/04\/jean-louis-eudes.jpg"},{"@type":"BreadcrumbList","@id":"https:\/\/gites-vignerons.com\/fr\/qui-sommes-nous\/#breadcrumb","itemListElement":[{"@type":"ListItem","position":1,"name":"Accueil","item":"https:\/\/gites-vignerons.com\/fr\/"},{"@type":"ListItem","position":2,"name":"Qui sommes-nous"}]},{"@type":"WebSite","@id":"https:\/\/gites-vignerons.com\/fr\/#website","url":"https:\/\/gites-vignerons.com\/fr\/","name":"Gites Vignerons","description":"Locations de g\u00eetes avec piscine dans vignoble en Occitanie - Sud de la France","publisher":{"@id":"https:\/\/gites-vignerons.com\/fr\/#organization"},"potentialAction":[{"@type":"SearchAction","target":{"@type":"EntryPoint","urlTemplate":"https:\/\/gites-vignerons.com\/fr\/?s={search_term_string}"},"query-input":{"@type":"PropertyValueSpecification","valueRequired":true,"valueName":"search_term_string"}}],"inLanguage":"fr-FR"},{"@type":"Organization","@id":"https:\/\/gites-vignerons.com\/fr\/#organization","name":"G\u00eetes Vignerons - location dans le Sud de la France","url":"https:\/\/gites-vignerons.com\/fr\/","logo":{"@type":"ImageObject","inLanguage":"fr-FR","@id":"https:\/\/gites-vignerons.com\/fr\/#\/schema\/logo\/image\/","url":"https:\/\/gites-vignerons.com\/wp-content\/uploads\/2017\/04\/logo-small.png","contentUrl":"https:\/\/gites-vignerons.com\/wp-content\/uploads\/2017\/04\/logo-small.png","width":120,"height":157,"caption":"G\u00eetes Vignerons - location dans le Sud de la France"},"image":{"@id":"https:\/\/gites-vignerons.com\/fr\/#\/schema\/logo\/image\/"}}]}},"_links":{"self":[{"href":"https:\/\/gites-vignerons.com\/fr\/wp-json\/wp\/v2\/pages\/70"}],"collection":[{"href":"https:\/\/gites-vignerons.com\/fr\/wp-json\/wp\/v2\/pages"}],"about":[{"href":"https:\/\/gites-vignerons.com\/fr\/wp-json\/wp\/v2\/types\/page"}],"author":[{"embeddable":true,"href":"https:\/\/gites-vignerons.com\/fr\/wp-json\/wp\/v2\/users\/1"}],"replies":[{"embeddable":true,"href":"https:\/\/gites-vignerons.com\/fr\/wp-json\/wp\/v2\/comments?post=70"}],"version-history":[{"count":3,"href":"https:\/\/gites-vignerons.com\/fr\/wp-json\/wp\/v2\/pages\/70\/revisions"}],"predecessor-version":[{"id":134,"href":"https:\/\/gites-vignerons.com\/fr\/wp-json\/wp\/v2\/pages\/70\/revisions\/134"}],"wp:attachment":[{"href":"https:\/\/gites-vignerons.com\/fr\/wp-json\/wp\/v2\/media?parent=70"}],"curies":[{"name":"wp","href":"https:\/\/api.w.org\/{rel}","templated":true}]}}