{"id":7,"date":"2017-04-06T17:29:59","date_gmt":"2017-04-06T15:29:59","guid":{"rendered":"http:\/\/gites-vignerons.com\/?page_id=7"},"modified":"2023-10-03T15:49:18","modified_gmt":"2023-10-03T13:49:18","slug":"nos-gites","status":"publish","type":"page","link":"https:\/\/gites-vignerons.com\/fr\/nos-gites\/","title":{"rendered":"Nos g\u00eetes"},"content":{"rendered":"","protected":false},"excerpt":{"rendered":"","protected":false},"author":1,"featured_media":0,"parent":0,"menu_order":0,"comment_status":"closed","ping_status":"closed","template":"template_liste_biens.php","meta":{"footnotes":""},"class_list":["post-7","page","type-page","status-publish","hentry"],"yoast_head":"<!-- This site is optimized with the Yoast SEO plugin v23.5 - https:\/\/yoast.com\/wordpress\/plugins\/seo\/ -->\n<title>Nos maisons en location dans le Sud de la France | France Sweet Villas<\/title>\n<meta name=\"description\" content=\"D\u00e9couvrez la liste des maisons et villas en location dans le Sud de la France. Pr\u00e9cisez vos crit\u00e8res : piscine, animaux admis, etc. et lancez la recherche.\" \/>\n<meta name=\"robots\" content=\"index, follow, max-snippet:-1, max-image-preview:large, max-video-preview:-1\" \/>\n<link rel=\"canonical\" href=\"https:\/\/gites-vignerons.com\/fr\/nos-gites\/\" \/>\n<meta property=\"og:locale\" content=\"fr_FR\" \/>\n<meta property=\"og:type\" content=\"article\" \/>\n<meta property=\"og:title\" content=\"Nos maisons en location dans le Sud de la France | France Sweet Villas\" \/>\n<meta property=\"og:description\" content=\"D\u00e9couvrez la liste des maisons et villas en location dans le Sud de la France. Pr\u00e9cisez vos crit\u00e8res : piscine, animaux admis, etc. et lancez la recherche.\" \/>\n<meta property=\"og:url\" content=\"https:\/\/gites-vignerons.com\/fr\/nos-gites\/\" \/>\n<meta property=\"og:site_name\" content=\"Gites Vignerons\" \/>\n<meta property=\"article:modified_time\" content=\"2023-10-03T13:49:18+00:00\" \/>\n<meta name=\"twitter:card\" content=\"summary_large_image\" \/>\n<script type=\"application\/ld+json\" class=\"yoast-schema-graph\">{\"@context\":\"https:\/\/schema.org\",\"@graph\":[{\"@type\":\"WebPage\",\"@id\":\"https:\/\/gites-vignerons.com\/fr\/nos-gites\/\",\"url\":\"https:\/\/gites-vignerons.com\/fr\/nos-gites\/\",\"name\":\"Nos maisons en location dans le Sud de la France | France Sweet Villas\",\"isPartOf\":{\"@id\":\"https:\/\/gites-vignerons.com\/fr\/#website\"},\"datePublished\":\"2017-04-06T15:29:59+00:00\",\"dateModified\":\"2023-10-03T13:49:18+00:00\",\"description\":\"D\u00e9couvrez la liste des maisons et villas en location dans le Sud de la France. Pr\u00e9cisez vos crit\u00e8res : piscine, animaux admis, etc. et lancez la recherche.\",\"breadcrumb\":{\"@id\":\"https:\/\/gites-vignerons.com\/fr\/nos-gites\/#breadcrumb\"},\"inLanguage\":\"fr-FR\",\"potentialAction\":[{\"@type\":\"ReadAction\",\"target\":[\"https:\/\/gites-vignerons.com\/fr\/nos-gites\/\"]}]},{\"@type\":\"BreadcrumbList\",\"@id\":\"https:\/\/gites-vignerons.com\/fr\/nos-gites\/#breadcrumb\",\"itemListElement\":[{\"@type\":\"ListItem\",\"position\":1,\"name\":\"Accueil\",\"item\":\"https:\/\/gites-vignerons.com\/fr\/\"},{\"@type\":\"ListItem\",\"position\":2,\"name\":\"Nos g\u00eetes\"}]},{\"@type\":\"WebSite\",\"@id\":\"https:\/\/gites-vignerons.com\/fr\/#website\",\"url\":\"https:\/\/gites-vignerons.com\/fr\/\",\"name\":\"Gites Vignerons\",\"description\":\"Locations de g\u00eetes avec piscine dans vignoble en Occitanie - Sud de la France\",\"publisher\":{\"@id\":\"https:\/\/gites-vignerons.com\/fr\/#organization\"},\"potentialAction\":[{\"@type\":\"SearchAction\",\"target\":{\"@type\":\"EntryPoint\",\"urlTemplate\":\"https:\/\/gites-vignerons.com\/fr\/?s={search_term_string}\"},\"query-input\":{\"@type\":\"PropertyValueSpecification\",\"valueRequired\":true,\"valueName\":\"search_term_string\"}}],\"inLanguage\":\"fr-FR\"},{\"@type\":\"Organization\",\"@id\":\"https:\/\/gites-vignerons.com\/fr\/#organization\",\"name\":\"G\u00eetes Vignerons - location dans le Sud de la France\",\"url\":\"https:\/\/gites-vignerons.com\/fr\/\",\"logo\":{\"@type\":\"ImageObject\",\"inLanguage\":\"fr-FR\",\"@id\":\"https:\/\/gites-vignerons.com\/fr\/#\/schema\/logo\/image\/\",\"url\":\"https:\/\/gites-vignerons.com\/wp-content\/uploads\/2017\/04\/logo-small.png\",\"contentUrl\":\"https:\/\/gites-vignerons.com\/wp-content\/uploads\/2017\/04\/logo-small.png\",\"width\":120,\"height\":157,\"caption\":\"G\u00eetes Vignerons - location dans le Sud de la France\"},\"image\":{\"@id\":\"https:\/\/gites-vignerons.com\/fr\/#\/schema\/logo\/image\/\"}}]}<\/script>\n<!-- \/ Yoast SEO plugin. -->","yoast_head_json":{"title":"Nos maisons en location dans le Sud de la France | France Sweet Villas","description":"D\u00e9couvrez la liste des maisons et villas en location dans le Sud de la France. Pr\u00e9cisez vos crit\u00e8res : piscine, animaux admis, etc. et lancez la recherche.","robots":{"index":"index","follow":"follow","max-snippet":"max-snippet:-1","max-image-preview":"max-image-preview:large","max-video-preview":"max-video-preview:-1"},"canonical":"https:\/\/gites-vignerons.com\/fr\/nos-gites\/","og_locale":"fr_FR","og_type":"article","og_title":"Nos maisons en location dans le Sud de la France | France Sweet Villas","og_description":"D\u00e9couvrez la liste des maisons et villas en location dans le Sud de la France. Pr\u00e9cisez vos crit\u00e8res : piscine, animaux admis, etc. et lancez la recherche.","og_url":"https:\/\/gites-vignerons.com\/fr\/nos-gites\/","og_site_name":"Gites Vignerons","article_modified_time":"2023-10-03T13:49:18+00:00","twitter_card":"summary_large_image","schema":{"@context":"https:\/\/schema.org","@graph":[{"@type":"WebPage","@id":"https:\/\/gites-vignerons.com\/fr\/nos-gites\/","url":"https:\/\/gites-vignerons.com\/fr\/nos-gites\/","name":"Nos maisons en location dans le Sud de la France | France Sweet Villas","isPartOf":{"@id":"https:\/\/gites-vignerons.com\/fr\/#website"},"datePublished":"2017-04-06T15:29:59+00:00","dateModified":"2023-10-03T13:49:18+00:00","description":"D\u00e9couvrez la liste des maisons et villas en location dans le Sud de la France. Pr\u00e9cisez vos crit\u00e8res : piscine, animaux admis, etc. et lancez la recherche.","breadcrumb":{"@id":"https:\/\/gites-vignerons.com\/fr\/nos-gites\/#breadcrumb"},"inLanguage":"fr-FR","potentialAction":[{"@type":"ReadAction","target":["https:\/\/gites-vignerons.com\/fr\/nos-gites\/"]}]},{"@type":"BreadcrumbList","@id":"https:\/\/gites-vignerons.com\/fr\/nos-gites\/#breadcrumb","itemListElement":[{"@type":"ListItem","position":1,"name":"Accueil","item":"https:\/\/gites-vignerons.com\/fr\/"},{"@type":"ListItem","position":2,"name":"Nos g\u00eetes"}]},{"@type":"WebSite","@id":"https:\/\/gites-vignerons.com\/fr\/#website","url":"https:\/\/gites-vignerons.com\/fr\/","name":"Gites Vignerons","description":"Locations de g\u00eetes avec piscine dans vignoble en Occitanie - Sud de la France","publisher":{"@id":"https:\/\/gites-vignerons.com\/fr\/#organization"},"potentialAction":[{"@type":"SearchAction","target":{"@type":"EntryPoint","urlTemplate":"https:\/\/gites-vignerons.com\/fr\/?s={search_term_string}"},"query-input":{"@type":"PropertyValueSpecification","valueRequired":true,"valueName":"search_term_string"}}],"inLanguage":"fr-FR"},{"@type":"Organization","@id":"https:\/\/gites-vignerons.com\/fr\/#organization","name":"G\u00eetes Vignerons - location dans le Sud de la France","url":"https:\/\/gites-vignerons.com\/fr\/","logo":{"@type":"ImageObject","inLanguage":"fr-FR","@id":"https:\/\/gites-vignerons.com\/fr\/#\/schema\/logo\/image\/","url":"https:\/\/gites-vignerons.com\/wp-content\/uploads\/2017\/04\/logo-small.png","contentUrl":"https:\/\/gites-vignerons.com\/wp-content\/uploads\/2017\/04\/logo-small.png","width":120,"height":157,"caption":"G\u00eetes Vignerons - location dans le Sud de la France"},"image":{"@id":"https:\/\/gites-vignerons.com\/fr\/#\/schema\/logo\/image\/"}}]}},"_links":{"self":[{"href":"https:\/\/gites-vignerons.com\/fr\/wp-json\/wp\/v2\/pages\/7"}],"collection":[{"href":"https:\/\/gites-vignerons.com\/fr\/wp-json\/wp\/v2\/pages"}],"about":[{"href":"https:\/\/gites-vignerons.com\/fr\/wp-json\/wp\/v2\/types\/page"}],"author":[{"embeddable":true,"href":"https:\/\/gites-vignerons.com\/fr\/wp-json\/wp\/v2\/users\/1"}],"replies":[{"embeddable":true,"href":"https:\/\/gites-vignerons.com\/fr\/wp-json\/wp\/v2\/comments?post=7"}],"version-history":[{"count":2,"href":"https:\/\/gites-vignerons.com\/fr\/wp-json\/wp\/v2\/pages\/7\/revisions"}],"predecessor-version":[{"id":455,"href":"https:\/\/gites-vignerons.com\/fr\/wp-json\/wp\/v2\/pages\/7\/revisions\/455"}],"wp:attachment":[{"href":"https:\/\/gites-vignerons.com\/fr\/wp-json\/wp\/v2\/media?parent=7"}],"curies":[{"name":"wp","href":"https:\/\/api.w.org\/{rel}","templated":true}]}}