{"id":263,"date":"2017-06-01T20:02:43","date_gmt":"2017-06-01T18:02:43","guid":{"rendered":"http:\/\/gites-vignerons.com\/?page_id=263\/"},"modified":"2017-12-18T19:25:42","modified_gmt":"2017-12-18T18:25:42","slug":"confiez-nous-votre-gite","status":"publish","type":"page","link":"https:\/\/gites-vignerons.com\/fr\/confiez-nous-votre-gite\/","title":{"rendered":"Confiez-nous votre g\u00eete"},"content":{"rendered":"<h1>\n\t\tCONFIEZ-NOUS VOTRE G\u00ceTE<br \/>\n\t<\/h1>\n<p><strong>VOUS<\/strong> avez un G\u00ceTE VIGNERON \u00e0 LOUER pour les VACANCES.<\/p>\n<p><strong>NOUS<\/strong>, agence de voyages install\u00e9e \u00e0 Narbonne depuis 2005, CHERCHONS des G\u00ceTES VIGNERONS A LOUER pour NOS CLIENTS EUROP\u00c9ENS.<\/p>\n<h2 style=\"text-align: center;\">NOS +++<\/h2>\n<p style=\"text-align: center; color: #fff; font-weight: bold;\">Excellent taux de remplissage (moyenne de plus de 18 SEMAINES lou\u00e9es par an)<\/p>\n<p style=\"text-align: center; color: #fff; font-weight: bold;\">Gestion des plannings, des r\u00e9servations, des contrats et des paiements \u00e0 votre place.<\/p>\n<p style=\"text-align: center; color: #fff; font-weight: bold;\">Pas de COMMISSION d\u00e9duite de vos paiements.<\/p>\n<p style=\"text-align: center; color: #fff; font-weight: bold;\">Garantie des paiements.<\/p>\n<p style=\"text-align: center; color: #fff; font-weight: bold;\">Agence de voyages reconnue, agr\u00e9\u00e9e Atout France et garantie APS.<\/p>\n<p style=\"text-align: center; color: #fff; font-weight: bold;\">Assistance bilingue en cas de difficult\u00e9.<\/p>\n<h4 style=\"color: #fff; text-align: center; margin-top: 40px;\">Nous sommes d\u2019ici, d\u2019Occitanie,<br \/>\nnous connaissons bien le march\u00e9 local et ses imp\u00e9ratifs.<\/h4>\n<h4>Comment se passe une collaboration\u00a0:<\/h4>\n<ul>\n<li>Nous prenons rdv avec vous afin de visiter le g\u00eete et de voir si ses normes de standing et d\u2019environnement correspondent \u00e0 nos pr\u00e9conisations.<\/li>\n<li>Nous nous entendons sur un prix d\u2019achat \u00e0 la semaine, fluctuant en fonction de la saison.<\/li>\n<li>Nous signons un contrat de collaboration vous engageant pour 1 saison, avec p\u00e9riode d\u2019exclusivit\u00e9 de r\u00e9servation jusqu\u2019au 30 avril.<\/li>\n<li>Nous valorisons votre g\u00eete en r\u00e9alisant des descriptifs en fran\u00e7ais et en anglais et nous prenons nous-m\u00eame les photos.<\/li>\n<li>Nous en assurons la commercialisation par le biais de nos sites internet. Nous la mettons \u00e0 la location chez divers annonceurs. Et surtout, nous en confions \u00e9galement la commercialisation \u00e0 notre r\u00e9seau de partenaires europ\u00e9ens, g\u00e9n\u00e9rateurs d\u2019une importante client\u00e8le voyageant \u00e0 d\u2019autres p\u00e9riodes que la client\u00e8le fran\u00e7aise.<\/li>\n<li>Nous g\u00e9rons les r\u00e9servations et mettons \u00e0 votre disposition un acc\u00e8s personnalis\u00e9 \u00e0 notre site internet afin de v\u00e9rifier en temps r\u00e9el les arriv\u00e9es pr\u00e9vues.<\/li>\n<li>Nous g\u00e9rons et vous garantissons les paiements des locataires.<\/li>\n<li>Nous vous payons mensuellement les loyers \u00e9chus en d\u00e9duisant, uniquement lors de la premi\u00e8re \u00e9ch\u00e9ance, 100 euros de frais de gestion.<\/li>\n<li>Il ne vous reste plus qu\u2019\u00e0 pr\u00e9parer le g\u00eete et assurer l\u2019accueil des locataires.<\/li>\n<\/ul>\n<p><strong>Si vous souhaitez en parler de vive voix, merci de compl\u00e9ter le formulaire ci-dessous\u00a0:<\/strong><\/p>\n<script type=\"text\/javascript\">var gform;gform||(document.addEventListener(\"gform_main_scripts_loaded\",function(){gform.scriptsLoaded=!0}),window.addEventListener(\"DOMContentLoaded\",function(){gform.domLoaded=!0}),gform={domLoaded:!1,scriptsLoaded:!1,initializeOnLoaded:function(o){gform.domLoaded&&gform.scriptsLoaded?o():!gform.domLoaded&&gform.scriptsLoaded?window.addEventListener(\"DOMContentLoaded\",o):document.addEventListener(\"gform_main_scripts_loaded\",o)},hooks:{action:{},filter:{}},addAction:function(o,n,r,t){gform.addHook(\"action\",o,n,r,t)},addFilter:function(o,n,r,t){gform.addHook(\"filter\",o,n,r,t)},doAction:function(o){gform.doHook(\"action\",o,arguments)},applyFilters:function(o){return gform.doHook(\"filter\",o,arguments)},removeAction:function(o,n){gform.removeHook(\"action\",o,n)},removeFilter:function(o,n,r){gform.removeHook(\"filter\",o,n,r)},addHook:function(o,n,r,t,i){null==gform.hooks[o][n]&&(gform.hooks[o][n]=[]);var e=gform.hooks[o][n];null==i&&(i=n+\"_\"+e.length),gform.hooks[o][n].push({tag:i,callable:r,priority:t=null==t?10:t})},doHook:function(n,o,r){var t;if(r=Array.prototype.slice.call(r,1),null!=gform.hooks[n][o]&&((o=gform.hooks[n][o]).sort(function(o,n){return o.priority-n.priority}),o.forEach(function(o){\"function\"!=typeof(t=o.callable)&&(t=window[t]),\"action\"==n?t.apply(null,r):r[0]=t.apply(null,r)})),\"filter\"==n)return r[0]},removeHook:function(o,n,t,i){var r;null!=gform.hooks[o][n]&&(r=(r=gform.hooks[o][n]).filter(function(o,n,r){return!!(null!=i&&i!=o.tag||null!=t&&t!=o.priority)}),gform.hooks[o][n]=r)}});<\/script>\n                <div class='gf_browser_gecko gform_wrapper gform_legacy_markup_wrapper gform-theme--no-framework' data-form-theme='legacy' data-form-index='0' id='gform_wrapper_4' ><div id='gf_4' class='gform_anchor' tabindex='-1'><\/div><form method='post' enctype='multipart\/form-data' target='gform_ajax_frame_4' id='gform_4'  action='\/fr\/wp-json\/wp\/v2\/pages\/263#gf_4' data-formid='4' novalidate>\n                        <div class='gform-body gform_body'><ul id='gform_fields_4' class='gform_fields top_label form_sublabel_below description_below validation_below'><li id=\"field_4_1\" class=\"gfield gfield--type-text gf_left_half gfield_contains_required field_sublabel_below gfield--no-description field_description_below field_validation_below gfield_visibility_visible\"  data-js-reload=\"field_4_1\" ><label class='gfield_label gform-field-label' for='input_4_1'>Pr\u00e9nom<span class=\"gfield_required\"><span class=\"gfield_required gfield_required_asterisk\">*<\/span><\/span><\/label><div class='ginput_container ginput_container_text'><input name='input_1' id='input_4_1' type='text' value='' class='medium'     aria-required=\"true\" aria-invalid=\"false\"   \/> <\/div><\/li><li id=\"field_4_2\" class=\"gfield gfield--type-text gf_right_half gfield_contains_required field_sublabel_below gfield--no-description field_description_below field_validation_below gfield_visibility_visible\"  data-js-reload=\"field_4_2\" ><label class='gfield_label gform-field-label' for='input_4_2'>Nom<span class=\"gfield_required\"><span class=\"gfield_required gfield_required_asterisk\">*<\/span><\/span><\/label><div class='ginput_container ginput_container_text'><input name='input_2' id='input_4_2' type='text' value='' class='medium'     aria-required=\"true\" aria-invalid=\"false\"   \/> <\/div><\/li><li id=\"field_4_5\" class=\"gfield gfield--type-email gf_left_half gfield_contains_required field_sublabel_below gfield--no-description field_description_below field_validation_below gfield_visibility_visible\"  data-js-reload=\"field_4_5\" ><label class='gfield_label gform-field-label' for='input_4_5'>E-mail<span class=\"gfield_required\"><span class=\"gfield_required gfield_required_asterisk\">*<\/span><\/span><\/label><div class='ginput_container ginput_container_email'>\n                            <input name='input_5' id='input_4_5' type='email' value='' class='medium'    aria-required=\"true\" aria-invalid=\"false\"  \/>\n                        <\/div><\/li><li id=\"field_4_6\" class=\"gfield gfield--type-text gf_right_half gfield_contains_required field_sublabel_below gfield--no-description field_description_below field_validation_below gfield_visibility_visible\"  data-js-reload=\"field_4_6\" ><label class='gfield_label gform-field-label' for='input_4_6'>T\u00e9l\u00e9phone<span class=\"gfield_required\"><span class=\"gfield_required gfield_required_asterisk\">*<\/span><\/span><\/label><div class='ginput_container ginput_container_text'><input name='input_6' id='input_4_6' type='text' value='' class='medium'     aria-required=\"true\" aria-invalid=\"false\"   \/> <\/div><\/li><li id=\"field_4_16\" class=\"gfield gfield--type-website field_sublabel_below gfield--no-description field_description_below field_validation_below gfield_visibility_visible\"  data-js-reload=\"field_4_16\" ><label class='gfield_label gform-field-label' for='input_4_16'>Votre site Web<\/label><div class='ginput_container ginput_container_website'>\n                    <input name='input_16' id='input_4_16' type='url' value='' class='medium'    placeholder='http:\/\/'  aria-invalid=\"false\"\/>\n                <\/div><\/li><li id=\"field_4_17\" class=\"gfield gfield--type-text field_sublabel_below gfield--no-description field_description_below field_validation_below gfield_visibility_visible\"  data-js-reload=\"field_4_17\" ><label class='gfield_label gform-field-label' for='input_4_17'>Coordonn\u00e9es de votre g\u00eete vigneron \u00e0 louer<\/label><div class='ginput_container ginput_container_text'><input name='input_17' id='input_4_17' type='text' value='' class='medium'      aria-invalid=\"false\"   \/> <\/div><\/li><li id=\"field_4_18\" class=\"gfield gfield--type-text field_sublabel_below gfield--no-description field_description_below field_validation_below gfield_visibility_visible\"  data-js-reload=\"field_4_18\" ><label class='gfield_label gform-field-label' for='input_4_18'>Capacit\u00e9 de votre g\u00eete vigneron<\/label><div class='ginput_container ginput_container_text'><input name='input_18' id='input_4_18' type='text' value='' class='medium'      aria-invalid=\"false\"   \/> <\/div><\/li><li id=\"field_4_19\" class=\"gfield gfield--type-consent gfield--type-choice gfield--input-type-consent gfield_contains_required field_sublabel_below gfield--has-description field_description_below field_validation_below gfield_visibility_visible\"  data-js-reload=\"field_4_19\" ><label class='gfield_label gform-field-label gfield_label_before_complex' >RGPD<span class=\"gfield_required\"><span class=\"gfield_required gfield_required_asterisk\">*<\/span><\/span><\/label><div class='ginput_container ginput_container_consent'><input name='input_19.1' id='input_4_19_1' type='checkbox' value='1'  aria-describedby=\"gfield_consent_description_4_19\" aria-required=\"true\" aria-invalid=\"false\"   \/> <label class=\"gform-field-label gform-field-label--type-inline gfield_consent_label\" for='input_4_19_1' >J\u2019accepte la politique de confidentialit\u00e9.<\/label><input type='hidden' name='input_19.2' value='J\u2019accepte la politique de confidentialit\u00e9.' class='gform_hidden' \/><input type='hidden' name='input_19.3' value='3' class='gform_hidden' \/><\/div><div class='gfield_description gfield_consent_description' id='gfield_consent_description_4_19'>Le site internet www.gites-vignerons.com est conforme aux pr\u00e9rogatives des articles 39 et suivants de la loi n\u00b0 78-17 du 6 janvier 1978, adapt\u00e9 pour correspondre au RGPD entr\u00e9 en vigueur le 25 mai 2018 dans l\u2019ensemble des pays de l\u2019Union Europ\u00e9enne, relative \u00e0 l\u2019informatique, aux fichiers et aux libert\u00e9s.<\/div><\/li><\/ul><\/div>\n        <div class='gform_footer top_label'> <input type='submit' id='gform_submit_button_4' class='gform_button button' value='Envoyer'  onclick='if(window[\"gf_submitting_4\"]){return false;}  if( !jQuery(\"#gform_4\")[0].checkValidity || jQuery(\"#gform_4\")[0].checkValidity()){window[\"gf_submitting_4\"]=true;}  ' onkeypress='if( event.keyCode == 13 ){ if(window[\"gf_submitting_4\"]){return false;} if( !jQuery(\"#gform_4\")[0].checkValidity || jQuery(\"#gform_4\")[0].checkValidity()){window[\"gf_submitting_4\"]=true;}  jQuery(\"#gform_4\").trigger(\"submit\",[true]); }' \/> <input type='hidden' name='gform_ajax' value='form_id=4&amp;title=&amp;description=&amp;tabindex=0&amp;theme=legacy' \/>\n            <input type='hidden' class='gform_hidden' name='is_submit_4' value='1' \/>\n            <input type='hidden' class='gform_hidden' name='gform_submit' value='4' \/>\n            \n            <input type='hidden' class='gform_hidden' name='gform_unique_id' value='' \/>\n            <input type='hidden' class='gform_hidden' name='state_4' value='WyJ7XCIxOS4xXCI6XCIyNzhkOGU4MjQ2ZDZiODE3ZmI4MDZjNDkxOGQ1NDJmYlwiLFwiMTkuMlwiOlwiMDlkYzk2YTlmMzAwOTVjMzM0MWQ5YjQwYmQyNDZiMWVcIixcIjE5LjNcIjpcIjU5OGIwYTM0MWQ3M2ZiYzAzZTk3YjY3ZTVkYTc5MTEwXCJ9IiwiMmFhN2IzYzkxZTU5NTJiNTZkYThiMTEwMjhiNGU1YmUiXQ==' \/>\n            <input type='hidden' class='gform_hidden' name='gform_target_page_number_4' id='gform_target_page_number_4' value='0' \/>\n            <input type='hidden' class='gform_hidden' name='gform_source_page_number_4' id='gform_source_page_number_4' value='1' \/>\n            <input type='hidden' name='gform_field_values' value='' \/>\n            \n        <\/div>\n                        <\/form>\n                        <\/div>\n\t\t                <iframe style='display:none;width:0px;height:0px;' src='about:blank' name='gform_ajax_frame_4' id='gform_ajax_frame_4' title='Cette iframe contient la logique n\u00e9cessaire pour manipuler Gravity Forms avec Ajax.'><\/iframe>\n\t\t                <script>\ngform.initializeOnLoaded( function() {gformInitSpinner( 4, 'https:\/\/gites-vignerons.com\/wp-content\/plugins\/gravityforms\/images\/spinner.svg', true );jQuery('#gform_ajax_frame_4').on('load',function(){var contents = jQuery(this).contents().find('*').html();var is_postback = contents.indexOf('GF_AJAX_POSTBACK') >= 0;if(!is_postback){return;}var form_content = jQuery(this).contents().find('#gform_wrapper_4');var is_confirmation = jQuery(this).contents().find('#gform_confirmation_wrapper_4').length > 0;var is_redirect = contents.indexOf('gformRedirect(){') >= 0;var is_form = form_content.length > 0 && ! is_redirect && ! is_confirmation;var mt = parseInt(jQuery('html').css('margin-top'), 10) + parseInt(jQuery('body').css('margin-top'), 10) + 100;if(is_form){jQuery('#gform_wrapper_4').html(form_content.html());if(form_content.hasClass('gform_validation_error')){jQuery('#gform_wrapper_4').addClass('gform_validation_error');} else {jQuery('#gform_wrapper_4').removeClass('gform_validation_error');}setTimeout( function() { \/* delay the scroll by 50 milliseconds to fix a bug in chrome *\/ jQuery(document).scrollTop(jQuery('#gform_wrapper_4').offset().top - mt); }, 50 );if(window['gformInitDatepicker']) {gformInitDatepicker();}if(window['gformInitPriceFields']) {gformInitPriceFields();}var current_page = jQuery('#gform_source_page_number_4').val();gformInitSpinner( 4, 'https:\/\/gites-vignerons.com\/wp-content\/plugins\/gravityforms\/images\/spinner.svg', true );jQuery(document).trigger('gform_page_loaded', [4, current_page]);window['gf_submitting_4'] = false;}else if(!is_redirect){var confirmation_content = jQuery(this).contents().find('.GF_AJAX_POSTBACK').html();if(!confirmation_content){confirmation_content = contents;}jQuery('#gform_wrapper_4').replaceWith(confirmation_content);jQuery(document).scrollTop(jQuery('#gf_4').offset().top - mt);jQuery(document).trigger('gform_confirmation_loaded', [4]);window['gf_submitting_4'] = false;wp.a11y.speak(jQuery('#gform_confirmation_message_4').text());}else{jQuery('#gform_4').append(contents);if(window['gformRedirect']) {gformRedirect();}}jQuery(document).trigger(\"gform_pre_post_render\", [{ formId: \"4\", currentPage: \"current_page\", abort: function() { this.preventDefault(); } }]);                if (event && event.defaultPrevented) {                return;         }        const gformWrapperDiv = document.getElementById( \"gform_wrapper_4\" );        if ( gformWrapperDiv ) {            const visibilitySpan = document.createElement( \"span\" );            visibilitySpan.id = \"gform_visibility_test_4\";            gformWrapperDiv.insertAdjacentElement( \"afterend\", visibilitySpan );        }        const visibilityTestDiv = document.getElementById( \"gform_visibility_test_4\" );        let postRenderFired = false;                function triggerPostRender() {            if ( postRenderFired ) {                return;            }            postRenderFired = true;            jQuery( document ).trigger( 'gform_post_render', [4, current_page] );            gform.utils.trigger( { event: 'gform\/postRender', native: false, data: { formId: 4, currentPage: current_page } } );            if ( visibilityTestDiv ) {                visibilityTestDiv.parentNode.removeChild( visibilityTestDiv );            }        }        function debounce( func, wait, immediate ) {            var timeout;            return function() {                var context = this, args = arguments;                var later = function() {                    timeout = null;                    if ( !immediate ) func.apply( context, args );                };                var callNow = immediate && !timeout;                clearTimeout( timeout );                timeout = setTimeout( later, wait );                if ( callNow ) func.apply( context, args );            };        }        const debouncedTriggerPostRender = debounce( function() {            triggerPostRender();        }, 200 );        if ( visibilityTestDiv && visibilityTestDiv.offsetParent === null ) {            const observer = new MutationObserver( ( mutations ) => {                mutations.forEach( ( mutation ) => {                    if ( mutation.type === 'attributes' && visibilityTestDiv.offsetParent !== null ) {                        debouncedTriggerPostRender();                        observer.disconnect();                    }                });            });            observer.observe( document.body, {                attributes: true,                childList: false,                subtree: true,                attributeFilter: [ 'style', 'class' ],            });        } else {            triggerPostRender();        }    } );} );\n<\/script>\n\n","protected":false},"excerpt":{"rendered":"<p>CONFIEZ-NOUS VOTRE G\u00ceTE VOUS avez un G\u00ceTE VIGNERON \u00e0 LOUER pour les VACANCES. NOUS, agence de voyages install\u00e9e \u00e0 Narbonne depuis 2005, CHERCHONS des G\u00ceTES VIGNERONS A LOUER pour NOS CLIENTS EUROP\u00c9ENS. NOS +++ Excellent taux de remplissage (moyenne de plus de 18 SEMAINES lou\u00e9es par an) Gestion des plannings, des r\u00e9servations, des contrats et&hellip;<\/p>\n","protected":false},"author":1,"featured_media":0,"parent":0,"menu_order":0,"comment_status":"closed","ping_status":"closed","template":"","meta":{"footnotes":""},"class_list":["post-263","page","type-page","status-publish","hentry"],"yoast_head":"<!-- This site is optimized with the Yoast SEO plugin v23.5 - https:\/\/yoast.com\/wordpress\/plugins\/seo\/ -->\n<title>Confiez-nous votre g\u00eete - Gites Vignerons<\/title>\n<meta name=\"robots\" content=\"index, follow, max-snippet:-1, max-image-preview:large, max-video-preview:-1\" \/>\n<link rel=\"canonical\" href=\"https:\/\/gites-vignerons.com\/fr\/confiez-nous-votre-gite\/\" \/>\n<meta property=\"og:locale\" content=\"fr_FR\" \/>\n<meta property=\"og:type\" content=\"article\" \/>\n<meta property=\"og:title\" content=\"Confiez-nous votre g\u00eete - Gites Vignerons\" \/>\n<meta property=\"og:description\" content=\"CONFIEZ-NOUS VOTRE G\u00ceTE VOUS avez un G\u00ceTE VIGNERON \u00e0 LOUER pour les VACANCES. NOUS, agence de voyages install\u00e9e \u00e0 Narbonne depuis 2005, CHERCHONS des G\u00ceTES VIGNERONS A LOUER pour NOS CLIENTS EUROP\u00c9ENS. NOS +++ Excellent taux de remplissage (moyenne de plus de 18 SEMAINES lou\u00e9es par an) Gestion des plannings, des r\u00e9servations, des contrats et&hellip;\" \/>\n<meta property=\"og:url\" content=\"https:\/\/gites-vignerons.com\/fr\/confiez-nous-votre-gite\/\" \/>\n<meta property=\"og:site_name\" content=\"Gites Vignerons\" \/>\n<meta property=\"article:modified_time\" content=\"2017-12-18T18:25:42+00:00\" \/>\n<meta name=\"twitter:card\" content=\"summary_large_image\" \/>\n<meta name=\"twitter:label1\" content=\"Dur\u00e9e de lecture estim\u00e9e\" \/>\n\t<meta name=\"twitter:data1\" content=\"2 minutes\" \/>\n<script type=\"application\/ld+json\" class=\"yoast-schema-graph\">{\"@context\":\"https:\/\/schema.org\",\"@graph\":[{\"@type\":\"WebPage\",\"@id\":\"https:\/\/gites-vignerons.com\/fr\/confiez-nous-votre-gite\/\",\"url\":\"https:\/\/gites-vignerons.com\/fr\/confiez-nous-votre-gite\/\",\"name\":\"Confiez-nous votre g\u00eete - Gites Vignerons\",\"isPartOf\":{\"@id\":\"https:\/\/gites-vignerons.com\/fr\/#website\"},\"datePublished\":\"2017-06-01T18:02:43+00:00\",\"dateModified\":\"2017-12-18T18:25:42+00:00\",\"breadcrumb\":{\"@id\":\"https:\/\/gites-vignerons.com\/fr\/confiez-nous-votre-gite\/#breadcrumb\"},\"inLanguage\":\"fr-FR\",\"potentialAction\":[{\"@type\":\"ReadAction\",\"target\":[\"https:\/\/gites-vignerons.com\/fr\/confiez-nous-votre-gite\/\"]}]},{\"@type\":\"BreadcrumbList\",\"@id\":\"https:\/\/gites-vignerons.com\/fr\/confiez-nous-votre-gite\/#breadcrumb\",\"itemListElement\":[{\"@type\":\"ListItem\",\"position\":1,\"name\":\"Accueil\",\"item\":\"https:\/\/gites-vignerons.com\/fr\/\"},{\"@type\":\"ListItem\",\"position\":2,\"name\":\"Confiez-nous votre g\u00eete\"}]},{\"@type\":\"WebSite\",\"@id\":\"https:\/\/gites-vignerons.com\/fr\/#website\",\"url\":\"https:\/\/gites-vignerons.com\/fr\/\",\"name\":\"Gites Vignerons\",\"description\":\"Locations de g\u00eetes avec piscine dans vignoble en Occitanie - Sud de la France\",\"publisher\":{\"@id\":\"https:\/\/gites-vignerons.com\/fr\/#organization\"},\"potentialAction\":[{\"@type\":\"SearchAction\",\"target\":{\"@type\":\"EntryPoint\",\"urlTemplate\":\"https:\/\/gites-vignerons.com\/fr\/?s={search_term_string}\"},\"query-input\":{\"@type\":\"PropertyValueSpecification\",\"valueRequired\":true,\"valueName\":\"search_term_string\"}}],\"inLanguage\":\"fr-FR\"},{\"@type\":\"Organization\",\"@id\":\"https:\/\/gites-vignerons.com\/fr\/#organization\",\"name\":\"G\u00eetes Vignerons - location dans le Sud de la France\",\"url\":\"https:\/\/gites-vignerons.com\/fr\/\",\"logo\":{\"@type\":\"ImageObject\",\"inLanguage\":\"fr-FR\",\"@id\":\"https:\/\/gites-vignerons.com\/fr\/#\/schema\/logo\/image\/\",\"url\":\"https:\/\/gites-vignerons.com\/wp-content\/uploads\/2017\/04\/logo-small.png\",\"contentUrl\":\"https:\/\/gites-vignerons.com\/wp-content\/uploads\/2017\/04\/logo-small.png\",\"width\":120,\"height\":157,\"caption\":\"G\u00eetes Vignerons - location dans le Sud de la France\"},\"image\":{\"@id\":\"https:\/\/gites-vignerons.com\/fr\/#\/schema\/logo\/image\/\"}}]}<\/script>\n<!-- \/ Yoast SEO plugin. -->","yoast_head_json":{"title":"Confiez-nous votre g\u00eete - Gites Vignerons","robots":{"index":"index","follow":"follow","max-snippet":"max-snippet:-1","max-image-preview":"max-image-preview:large","max-video-preview":"max-video-preview:-1"},"canonical":"https:\/\/gites-vignerons.com\/fr\/confiez-nous-votre-gite\/","og_locale":"fr_FR","og_type":"article","og_title":"Confiez-nous votre g\u00eete - Gites Vignerons","og_description":"CONFIEZ-NOUS VOTRE G\u00ceTE VOUS avez un G\u00ceTE VIGNERON \u00e0 LOUER pour les VACANCES. NOUS, agence de voyages install\u00e9e \u00e0 Narbonne depuis 2005, CHERCHONS des G\u00ceTES VIGNERONS A LOUER pour NOS CLIENTS EUROP\u00c9ENS. NOS +++ Excellent taux de remplissage (moyenne de plus de 18 SEMAINES lou\u00e9es par an) Gestion des plannings, des r\u00e9servations, des contrats et&hellip;","og_url":"https:\/\/gites-vignerons.com\/fr\/confiez-nous-votre-gite\/","og_site_name":"Gites Vignerons","article_modified_time":"2017-12-18T18:25:42+00:00","twitter_card":"summary_large_image","twitter_misc":{"Dur\u00e9e de lecture estim\u00e9e":"2 minutes"},"schema":{"@context":"https:\/\/schema.org","@graph":[{"@type":"WebPage","@id":"https:\/\/gites-vignerons.com\/fr\/confiez-nous-votre-gite\/","url":"https:\/\/gites-vignerons.com\/fr\/confiez-nous-votre-gite\/","name":"Confiez-nous votre g\u00eete - Gites Vignerons","isPartOf":{"@id":"https:\/\/gites-vignerons.com\/fr\/#website"},"datePublished":"2017-06-01T18:02:43+00:00","dateModified":"2017-12-18T18:25:42+00:00","breadcrumb":{"@id":"https:\/\/gites-vignerons.com\/fr\/confiez-nous-votre-gite\/#breadcrumb"},"inLanguage":"fr-FR","potentialAction":[{"@type":"ReadAction","target":["https:\/\/gites-vignerons.com\/fr\/confiez-nous-votre-gite\/"]}]},{"@type":"BreadcrumbList","@id":"https:\/\/gites-vignerons.com\/fr\/confiez-nous-votre-gite\/#breadcrumb","itemListElement":[{"@type":"ListItem","position":1,"name":"Accueil","item":"https:\/\/gites-vignerons.com\/fr\/"},{"@type":"ListItem","position":2,"name":"Confiez-nous votre g\u00eete"}]},{"@type":"WebSite","@id":"https:\/\/gites-vignerons.com\/fr\/#website","url":"https:\/\/gites-vignerons.com\/fr\/","name":"Gites Vignerons","description":"Locations de g\u00eetes avec piscine dans vignoble en Occitanie - Sud de la France","publisher":{"@id":"https:\/\/gites-vignerons.com\/fr\/#organization"},"potentialAction":[{"@type":"SearchAction","target":{"@type":"EntryPoint","urlTemplate":"https:\/\/gites-vignerons.com\/fr\/?s={search_term_string}"},"query-input":{"@type":"PropertyValueSpecification","valueRequired":true,"valueName":"search_term_string"}}],"inLanguage":"fr-FR"},{"@type":"Organization","@id":"https:\/\/gites-vignerons.com\/fr\/#organization","name":"G\u00eetes Vignerons - location dans le Sud de la France","url":"https:\/\/gites-vignerons.com\/fr\/","logo":{"@type":"ImageObject","inLanguage":"fr-FR","@id":"https:\/\/gites-vignerons.com\/fr\/#\/schema\/logo\/image\/","url":"https:\/\/gites-vignerons.com\/wp-content\/uploads\/2017\/04\/logo-small.png","contentUrl":"https:\/\/gites-vignerons.com\/wp-content\/uploads\/2017\/04\/logo-small.png","width":120,"height":157,"caption":"G\u00eetes Vignerons - location dans le Sud de la France"},"image":{"@id":"https:\/\/gites-vignerons.com\/fr\/#\/schema\/logo\/image\/"}}]}},"_links":{"self":[{"href":"https:\/\/gites-vignerons.com\/fr\/wp-json\/wp\/v2\/pages\/263"}],"collection":[{"href":"https:\/\/gites-vignerons.com\/fr\/wp-json\/wp\/v2\/pages"}],"about":[{"href":"https:\/\/gites-vignerons.com\/fr\/wp-json\/wp\/v2\/types\/page"}],"author":[{"embeddable":true,"href":"https:\/\/gites-vignerons.com\/fr\/wp-json\/wp\/v2\/users\/1"}],"replies":[{"embeddable":true,"href":"https:\/\/gites-vignerons.com\/fr\/wp-json\/wp\/v2\/comments?post=263"}],"version-history":[{"count":5,"href":"https:\/\/gites-vignerons.com\/fr\/wp-json\/wp\/v2\/pages\/263\/revisions"}],"predecessor-version":[{"id":460,"href":"https:\/\/gites-vignerons.com\/fr\/wp-json\/wp\/v2\/pages\/263\/revisions\/460"}],"wp:attachment":[{"href":"https:\/\/gites-vignerons.com\/fr\/wp-json\/wp\/v2\/media?parent=263"}],"curies":[{"name":"wp","href":"https:\/\/api.w.org\/{rel}","templated":true}]}}